{"id":172,"date":"2021-12-14T00:28:59","date_gmt":"2021-12-13T23:28:59","guid":{"rendered":"https:\/\/lunamare.ch\/?page_id=172"},"modified":"2023-12-12T18:13:01","modified_gmt":"2023-12-12T17:13:01","slug":"allgemeine-geschaeftsbedingungen","status":"publish","type":"page","link":"https:\/\/lunamare.ch\/en\/allgemeine-geschaeftsbedingungen\/","title":{"rendered":"Allgemeine Gesch\u00e4ftsbedingungen"},"content":{"rendered":"<p>[et_pb_section fb_built=&#8220;1&#8243; _builder_version=&#8220;4.14.4&#8243; _module_preset=&#8220;default&#8220; global_colors_info=&#8220;{}&#8220;][et_pb_row _builder_version=&#8220;4.14.4&#8243; _module_preset=&#8220;default&#8220; global_colors_info=&#8220;{}&#8220;][et_pb_column type=&#8220;4_4&#8243; _builder_version=&#8220;4.14.4&#8243; _module_preset=&#8220;default&#8220; global_colors_info=&#8220;{}&#8220;][et_pb_divider color=&#8220;rgba(0,0,0,0.09)&#8220; divider_weight=&#8220;3px&#8220; _builder_version=&#8220;4.14.4&#8243; _module_preset=&#8220;default&#8220; global_colors_info=&#8220;{}&#8220;][\/et_pb_divider][et_pb_text _builder_version=&#8220;4.14.4&#8243; _module_preset=&#8220;default&#8220; global_colors_info=&#8220;{}&#8220;]<\/p>\n<h1>Allgemeine Gesch\u00e4ftsbedingungen Lunamare GmbH<\/h1>\n<p>&nbsp;<\/p>\n<h2>Anmeldung, Vertragsabschluss<\/h2>\n<p>Mit der Anmeldung\/Buchung zu einem T\u00f6rn kommt ein Vertrag zwischen Ihnen und Lunamare GmbH zustande. Mit der Anmeldung\/Buchung best\u00e4tigen Sie, dass sie die Allgemeinen Gesch\u00e4ftsbedingungen gelesen haben und als festen Bestandteil des Vertrages anerkennen.<\/p>\n<p>&nbsp;<\/p>\n<h2>Vertragsinhalt<\/h2>\n<p>Das gebuchte Reisedatum, Revier und die Reisedauer sind Vertragsinhalt. Damit ist in erster Linie die Unterkunft auf einer Yacht garantiert. Die Bef\u00f6rderung kann insbesondere wegen gef\u00e4hrlichen Wind- und Wetterverh\u00e4ltnissen oder pl\u00f6tzlichen technischen Problemen eingestellt werden. Sofern die Yacht weiterhin als Unterkunft genutzt werden kann, sind Ersatzanspr\u00fcche wegen Nicht-Bef\u00f6rderung ausgeschlossen. Nicht Vertragsinhalt sind das eventuell genannte Schiff, der namentlich erw\u00e4hnte Skipper, sowie die Reiseroute oder darin genannte Ziele.<\/p>\n<p>&nbsp;<\/p>\n<h2>Preise<\/h2>\n<p>Bei nachtr\u00e4glicher Preiserh\u00f6hung von Charter- und Transportunternehmen, bei neu eingef\u00fchrten oder erh\u00f6hten Abgaben oder Geb\u00fchren, bei Wechselkurs\u00e4nderungen, bei Mehrwertsteuern o.\u00e4. kann Lunamare GmbH die Preise anpassen und an den Kunden \u00fcbertragen. Preis\u00e4nderungen sind nicht wahrscheinlich, bleiben aber ausdr\u00fccklich vorbehalten. Es gelten die Bedingungen bei Vertragsabschluss.<\/p>\n<p>&nbsp;<\/p>\n<h2>Zahlung<\/h2>\n<p>Wenn nicht anders vermerkt oder vereinbart ist der ganze Betrag ab dem Zeitpunkt der Buchung geschuldet.<\/p>\n<p>&nbsp;<\/p>\n<h2>Annullation \/ Umbuchungen \/ Versicherungen<\/h2>\n<p>Bei Umbuchungen erheben wir eine Bearbeitungsgeb\u00fchr von CHF 100.\u2013 pro Person, maximal jedoch 300.\u2013 pro Auftrag. Bei Leistungen, welche durch uns vermittelt werden, gelten die Annullations- und Umbuchungsbedingungen der entsprechenden Leistungstr\u00e4ger (wie z.B. Vercharterer, Schiffseigner, Transportgesellschaften)<br \/>Die Annullierungsgeb\u00fchren bei R\u00fccktritt betragen:<br \/>Bis 90 Tage vor T\u00f6rnbeginn 50% des T\u00f6rnpreises<br \/>89 bis 46 Tage vor T\u00f6rnbeginn 75% des T\u00f6rnpreises<br \/>0 bis 45 Tage vor T\u00f6rnbeginn 100% des T\u00f6rnpreises<br \/>Sie haben die M\u00f6glichkeit eine Ersatzperson zu stellen. In diesem Falle verrechnen wir die Bearbeitungsgeb\u00fchr von CHF 100.- pro Person, sowie den Differenzbetrag, falls die Ersatzperson die Reise nicht zum gleichen Preis antritt. Brechen Sie die Reise vorzeitig ab, kann keine R\u00fcckerstattung geltend gemacht werden. Wir empfehlen in jedem Fall den Abschluss einer Annullationskostenversicherung.<br \/>Eine Annullation durch Lunamare GmbH hat sp\u00e4testens zwei Wochen vor Abreise zu erfolgen. Der T\u00f6rnpreis kann in diesem Fall teilweise zur\u00fcckerstattet werden. Bei Abbruch der Reise werden Ihnen die ersparten Aufwendungen verg\u00fctet. Schadenersatzanspr\u00fcche sind ausgeschlossen. Vorbehalten bleiben h\u00f6here Gewalt, Unruhen, Streik sowie andere Umst\u00e4nde, welche es ratsam erscheinen lassen, dass im Interesse der Reiseteilnehmer auf die Durchf\u00fchrung der Reise verzichtet wird. Wenn Sie zur Abreise oder zum Abflug nicht oder zu sp\u00e4t erscheinen (no-Show), kann keine R\u00fcckerstattung des Preises gew\u00e4hrt werden.<\/p>\n<p>&nbsp;<\/p>\n<p>&nbsp;<\/p>\n<h2>Beanstandungen<\/h2>\n<p>Beanstandungen m\u00fcssen bereits w\u00e4hrend der Reise schriftlich festgehalten und vom Skipper best\u00e4tigt werden. Ohne dies kann nicht auf Ihre Beanstandung eingegangen werden. Beanstandungen m\u00fcssen bis sp\u00e4testens 8 Tage ab dem letzten T\u00f6rntag schriftlich bei Lunamare GmbH eingegangen sein.<\/p>\n<p>&nbsp;<\/p>\n<h2>Haftung<\/h2>\n<p>Die Lunamare GmbH verf\u00fcgt \u00fcber eine Betriebshaftpflichtversicherung und unsere Skipper haben eine Skipper-Haftpflichtversicherung abgeschlossen, welche das Risiko bei grobfahrl\u00e4ssigen Handlungen decken. Auf allen Charteryachten besteht eine Vollkasko- und Haftpflichtversicherung. In einem Schadenfall wird jegliche Haftung durch die Lunamare GmbH abgewiesen.<br \/>Schadenersatzanspr\u00fcche bleiben ausgeschlossen, wenn diese auf ein Vers\u00e4umnis seitens Teilnehmer, Dritter oder auf h\u00f6here Gewalt zur\u00fcckzuf\u00fchren sind. Es besteht kein Schadenersatzanspruch, wenn ein Schaden trotz gebotener Sorgfalt durch Lunamare GmbH oder den Leistungstr\u00e4ger unvorhergesehen eintritt oder nicht abgewendet werden konnte. Die Teilnehmer sind verpflichtet Angaben zu Ihrem Gesundheitszustand zu machen und bei Zweifel der Seetauglichkeit, diese von einem Arzt best\u00e4tigen zu lassen. Die Teilnahme erfolgt auf eigenes Risiko, die Haftung von Lunamare GmbH ist auf Vorsatz und grobe Fahrl\u00e4ssigkeit beschr\u00e4nkt. Sch\u00e4tzt der Skipper das Risiko eines einzelnen Teilnehmers aus medizinischen Gr\u00fcnden f\u00fcr den einzelnen Teilnehmer oder f\u00fcr die restliche Crew zu hoch ein, kann jeder Teilnehmer jederzeit von der Weiterfahrt ausgeschlossen werden. F\u00fcr daraus resultierende Kosten kann Lunamare GmbH nicht haftbar gemacht werden.<\/p>\n<p>&nbsp;<\/p>\n<h2>Reisedokumente<\/h2>\n<p>Jeder Teilnehmer ist selber f\u00fcr die Besorgung der notwendigen Reisepapiere zust\u00e4ndig (g\u00fcltiger Pass, Visa, Impfungen). Notwendige Informationen sind auf der Homepage des EDA (eidg. Departement f\u00fcr ausw\u00e4rtige Angelegenheiten) zu finden. Bitte \u00fcberpr\u00fcfen Sie gleich nach Buchung Ihre Reisepapiere auf Ihre G\u00fcltigkeit und Vollst\u00e4ndigkeit. Desgleichen gilt auch f\u00fcr s\u00e4mtliche erforderlichen Schutzimpfungen.<\/p>\n<p>&nbsp;<\/p>\n<h2>Reisegep\u00e4ck<\/h2>\n<p>Wasserabstossende Kleidung und Bootschuhe mit heller Sohle sind auf jedem T\u00f6rn notwendig. Das Gep\u00e4ckst\u00fcck sollte aus einer weichen Reisetasche bestehen, die zum Verstauen gut faltbar ist. Koffer und sperrige Reisetaschen sind nicht geeignet.<\/p>\n<p>&nbsp;<\/p>\n<h2>Schiffsordnung<\/h2>\n<p>Eine gute gesundheitliche Verfassung ist f\u00fcr jeden T\u00f6rn Voraussetzung. Jeder einzelne Teilnehmer ist verpflichtet uns \u00fcber allf\u00e4llige gesundheitliche Probleme zu informieren. Der Skipper hat an Bord Befehlsgewalt und tr\u00e4gt die Verantwortung f\u00fcr das Wohlbefinden s\u00e4mtlicher Teilnehmer. Bei irgendwelchen Problemen ist der Skipper die erste Ansprechperson an Bord. Er ist verantwortlich f\u00fcr die Sicherheit an Bord, das Schiff, dessen Zustand und Seetauglichkeit. Der Skipper wird an Bord vollumf\u00e4nglich durch die Bordkasse verpflegt. Der Skipper ist bem\u00e4chtigt Passagiere bei wichtigen Gr\u00fcnden von der Bef\u00f6rderung an Bord auszuschliessen. Wird einzelnen Passagieren vor Ort die Seefahrt von lokalen Organen untersagt, entsteht kein Ersatzanspruch.<\/p>\n<p>&nbsp;<\/p>\n<h2>Meilenbest\u00e4tigung<\/h2>\n<p>Auf unseren T\u00f6rns kann bei aktiver Teilnahme an Man\u00f6vern und Navigation ein Praxisnachweis f\u00fcr den schweizerischen Hochseeausweis am Ende des T\u00f6rns ausgestellt und die Meilenbest\u00e4tigung vom Skipper unterschrieben werden. Nachtr\u00e4gliche Meilenbest\u00e4tigungen werden mit CHF 100.\u2013 verrechnet.<\/p>\n<p>&nbsp;<\/p>\n<h2>Fotos\/Videos<\/h2>\n<p>Die Teilnehmer eines T\u00f6rns erkl\u00e4ren sich mit Bezahlung der Rechnung damit einverstanden, dass Fotos und Videoaufnahmen welche w\u00e4hrend des T\u00f6rns sowohl auf als auch neben dem Schiff gemacht werden ohne weitere R\u00fccksprache durch die Lunamare GmbH zu Marketingzwecken auf der Homepage von www.lunamare.ch und www.lunamare.ch, in Newslettern, Brosch\u00fcren sowie in sozialen Medien verwendet werden d\u00fcrfen.<\/p>\n<p>&nbsp;<\/p>\n<h2>Programm\u00e4nderungen<\/h2>\n<p>Aus nicht vorhersehbaren Umst\u00e4nden kann es zu \u00c4nderungen im Reiseprogramm kommen (Bsp. Routenwahl). Wir verpflichten uns um gleichwertige Ersatzleistungen zu bem\u00fchen. Programm\u00e4nderungen berechtigen in keinem Fall zu Schadenersatzforderungen (auch nicht bei Folgesch\u00e4den Bsp. Lohnausfall).<\/p>\n<p>&nbsp;<\/p>\n<p>Gerichtsstand R\u00fcschlikon, im Dezember 2021<\/p>\n<p>[\/et_pb_text][et_pb_text _builder_version=&#8220;4.14.4&#8243; _module_preset=&#8220;default&#8220; global_colors_info=&#8220;{}&#8220;]<\/p>\n<h2>Zusatz 1: Erg\u00e4nzende Regelung in Bezug auf COVID-19<\/h2>\n<p>&nbsp;<\/p>\n<h3>Wird der T\u00f6rn durchgef\u00fchrt?<\/h3>\n<p>Die Entwicklung der allgemeinen Lage aufgrund von COVID-19 ist derzeit kaum absch\u00e4tzbar. Ob und in welcher Form ein T\u00f6rn durchgef\u00fchrt werden kann l\u00e4sst sich in dieser Situation erst kurzfristig mit Sicherheit sagen. Wir bem\u00fchen uns, die Situation nach bestem Wissen und Gewissen zu meistern. Wenn immer m\u00f6glich wollen wir den T\u00f6rn durchf\u00fchren, aber die Gesundheit und Unversehrtheit unsere G\u00e4ste hat stets oberste Priorit\u00e4t.<\/p>\n<p>Wir beobachten die Entwicklung der Lage dauernd und \u00fcberpr\u00fcfen fortlaufend nachstehende Punkte. Sollten sich daraus Konsequenzen f\u00fcr einen geplanten T\u00f6rn ableiten werden wir die Teilnehmer umgehend informieren.<\/p>\n<ol>\n<li>Ausreise und Wiedereinreise in die Schweiz<\/li>\n<li>Situation an der Zieldestination<\/li>\n<li>Crew (Zusammensetzung und Risikogruppen)<\/li>\n<li>Allgemeine Risikobeurteilung und Vertretbarkeit der Durchf\u00fchrung<\/li>\n<\/ol>\n<p>&nbsp;<\/p>\n<h3>Was, wenn der T\u00f6rn aufgrund COVID-19 nicht wie vorgesehen durchgef\u00fchrt werden kann?<\/h3>\n<p><strong><em>Fall 1)<\/em><\/strong> Teilnehmer kann aufgrund seiner pers\u00f6nlichen Situation die Reise nicht antreten:<\/p>\n<p>Die Versicherung obliegt in der Verantwortung des Teilnehmers. Gegen\u00fcber Lunamare GmbH kann kein Anspruch auf Entsch\u00e4digung oder R\u00fcckverg\u00fctung geltend gemacht werden. Wir empfehlen daher jedem Teilnehmer eine Reiseschutzversicherung mit Corona-Zusatz.<\/p>\n<p><strong><em>Fall 2)<\/em><\/strong> Der f\u00fcr den T\u00f6rn vorgesehene Skipper f\u00e4llt aus:<\/p>\n<p>Lunamare GmbH stellt, wenn m\u00f6glich einen Ersatzskipper. Ist dies nicht m\u00f6glich und der T\u00f6rn muss seitens Lunamare GmbH abgesagt werden, dann wird dem Teilnehmer der an Lunamare GmbH einbezahlte Geldbetrag vollumf\u00e4nglich r\u00fcckverg\u00fctet. Dar\u00fcber hinaus gehende Anspr\u00fcche oder Entsch\u00e4digungen sind ausgeschlossen.<\/p>\n<p><strong><em>Fall 3)<\/em><\/strong> Ausfalls des T\u00f6rns infolge COVID-19:<\/p>\n<p>Kann der T\u00f6rn aufgrund von gesetzlichen Bestimmungen im Abreiseland und\/oder an der Zieldestination oder aus anderen Gr\u00fcnden, welche nicht im Einflussbereich von Lunamare GmbH liegen nicht durchgef\u00fchrt werden, dann erh\u00e4lt der Teilnehmer einen Gutschein in der H\u00f6he des an die Lunamare GmbH get\u00e4tigten Betrages, anrechenbar an zuk\u00fcnftige T\u00f6rns oder Kurse von Lunamare GmbH. Dar\u00fcber hinaus gehende Anspr\u00fcche oder Entsch\u00e4digungen sind ausgeschlossen.<\/p>\n<p>R\u00fcschlikon, im Januar 2022<\/p>\n<p>[\/et_pb_text][\/et_pb_column][\/et_pb_row][\/et_pb_section]<\/p>\n","protected":false},"excerpt":{"rendered":"<p>Allgemeine Gesch\u00e4ftsbedingungen Lunamare GmbH &nbsp; Anmeldung, Vertragsabschluss Mit der Anmeldung\/Buchung zu einem T\u00f6rn kommt ein Vertrag zwischen Ihnen und Lunamare GmbH zustande. Mit der Anmeldung\/Buchung best\u00e4tigen Sie, dass sie die Allgemeinen Gesch\u00e4ftsbedingungen gelesen haben und als festen Bestandteil des Vertrages anerkennen. &nbsp; Vertragsinhalt Das gebuchte Reisedatum, Revier und die Reisedauer sind Vertragsinhalt. Damit ist in [&hellip;]<\/p>\n","protected":false},"author":1,"featured_media":0,"parent":0,"menu_order":0,"comment_status":"closed","ping_status":"closed","template":"","meta":{"_et_pb_use_builder":"on","_et_pb_old_content":"<!-- wp:divi\/placeholder \/-->","_et_gb_content_width":"","footnotes":""},"class_list":["post-172","page","type-page","status-publish","hentry"],"yoast_head":"<!-- This site is optimized with the Yoast SEO plugin v27.3 - https:\/\/yoast.com\/product\/yoast-seo-wordpress\/ -->\n<title>Allgemeine Gesch\u00e4ftsbedingungen - Hochsee Skipper Ausbildung Theoriekurse &amp; Meilentoerns<\/title>\n<meta name=\"robots\" content=\"index, follow, max-snippet:-1, max-image-preview:large, max-video-preview:-1\" \/>\n<link rel=\"canonical\" href=\"https:\/\/lunamare.ch\/en\/allgemeine-geschaeftsbedingungen\/\" \/>\n<meta property=\"og:locale\" content=\"en_US\" \/>\n<meta property=\"og:type\" content=\"article\" \/>\n<meta property=\"og:title\" content=\"Allgemeine Gesch\u00e4ftsbedingungen - Hochsee Skipper Ausbildung Theoriekurse &amp; Meilentoerns\" \/>\n<meta property=\"og:description\" content=\"Allgemeine Gesch\u00e4ftsbedingungen Lunamare GmbH &nbsp; Anmeldung, Vertragsabschluss Mit der Anmeldung\/Buchung zu einem T\u00f6rn kommt ein Vertrag zwischen Ihnen und Lunamare GmbH zustande. Mit der Anmeldung\/Buchung best\u00e4tigen Sie, dass sie die Allgemeinen Gesch\u00e4ftsbedingungen gelesen haben und als festen Bestandteil des Vertrages anerkennen. &nbsp; Vertragsinhalt Das gebuchte Reisedatum, Revier und die Reisedauer sind Vertragsinhalt. Damit ist in [&hellip;]\" \/>\n<meta property=\"og:url\" content=\"https:\/\/lunamare.ch\/en\/allgemeine-geschaeftsbedingungen\/\" \/>\n<meta property=\"og:site_name\" content=\"Hochsee Skipper Ausbildung Theoriekurse &amp; Meilentoerns\" \/>\n<meta property=\"article:modified_time\" content=\"2023-12-12T17:13:01+00:00\" \/>\n<meta name=\"twitter:card\" content=\"summary_large_image\" \/>\n<meta name=\"twitter:label1\" content=\"Est. reading time\" \/>\n\t<meta name=\"twitter:data1\" content=\"7 minutes\" \/>\n<script type=\"application\/ld+json\" class=\"yoast-schema-graph\">{\"@context\":\"https:\\\/\\\/schema.org\",\"@graph\":[{\"@type\":\"WebPage\",\"@id\":\"https:\\\/\\\/lunamare.ch\\\/allgemeine-geschaeftsbedingungen\\\/\",\"url\":\"https:\\\/\\\/lunamare.ch\\\/allgemeine-geschaeftsbedingungen\\\/\",\"name\":\"Allgemeine Gesch\u00e4ftsbedingungen - Hochsee Skipper Ausbildung Theoriekurse &amp; Meilentoerns\",\"isPartOf\":{\"@id\":\"https:\\\/\\\/www.lunamare.ch\\\/#website\"},\"datePublished\":\"2021-12-13T23:28:59+00:00\",\"dateModified\":\"2023-12-12T17:13:01+00:00\",\"breadcrumb\":{\"@id\":\"https:\\\/\\\/lunamare.ch\\\/allgemeine-geschaeftsbedingungen\\\/#breadcrumb\"},\"inLanguage\":\"en-US\",\"potentialAction\":[{\"@type\":\"ReadAction\",\"target\":[\"https:\\\/\\\/lunamare.ch\\\/allgemeine-geschaeftsbedingungen\\\/\"]}]},{\"@type\":\"BreadcrumbList\",\"@id\":\"https:\\\/\\\/lunamare.ch\\\/allgemeine-geschaeftsbedingungen\\\/#breadcrumb\",\"itemListElement\":[{\"@type\":\"ListItem\",\"position\":1,\"name\":\"Startseite\",\"item\":\"https:\\\/\\\/lunamare.ch\\\/\"},{\"@type\":\"ListItem\",\"position\":2,\"name\":\"Allgemeine Gesch\u00e4ftsbedingungen\"}]},{\"@type\":\"WebSite\",\"@id\":\"https:\\\/\\\/www.lunamare.ch\\\/#website\",\"url\":\"https:\\\/\\\/www.lunamare.ch\\\/\",\"name\":\"Hochsee Skipper Ausbildung Theoriekurse &amp; Meilentoerns\",\"description\":\"Hochseeausbildung fuer Theorie &amp; Praxis! Meilentoerns, Skippertoerns und Familientoerns weltweit\",\"potentialAction\":[{\"@type\":\"SearchAction\",\"target\":{\"@type\":\"EntryPoint\",\"urlTemplate\":\"https:\\\/\\\/www.lunamare.ch\\\/?s={search_term_string}\"},\"query-input\":{\"@type\":\"PropertyValueSpecification\",\"valueRequired\":true,\"valueName\":\"search_term_string\"}}],\"inLanguage\":\"en-US\"}]}<\/script>\n<!-- \/ Yoast SEO plugin. -->","yoast_head_json":{"title":"Allgemeine Gesch\u00e4ftsbedingungen - Hochsee Skipper Ausbildung Theoriekurse &amp; Meilentoerns","robots":{"index":"index","follow":"follow","max-snippet":"max-snippet:-1","max-image-preview":"max-image-preview:large","max-video-preview":"max-video-preview:-1"},"canonical":"https:\/\/lunamare.ch\/en\/allgemeine-geschaeftsbedingungen\/","og_locale":"en_US","og_type":"article","og_title":"Allgemeine Gesch\u00e4ftsbedingungen - Hochsee Skipper Ausbildung Theoriekurse &amp; Meilentoerns","og_description":"Allgemeine Gesch\u00e4ftsbedingungen Lunamare GmbH &nbsp; Anmeldung, Vertragsabschluss Mit der Anmeldung\/Buchung zu einem T\u00f6rn kommt ein Vertrag zwischen Ihnen und Lunamare GmbH zustande. Mit der Anmeldung\/Buchung best\u00e4tigen Sie, dass sie die Allgemeinen Gesch\u00e4ftsbedingungen gelesen haben und als festen Bestandteil des Vertrages anerkennen. &nbsp; Vertragsinhalt Das gebuchte Reisedatum, Revier und die Reisedauer sind Vertragsinhalt. Damit ist in [&hellip;]","og_url":"https:\/\/lunamare.ch\/en\/allgemeine-geschaeftsbedingungen\/","og_site_name":"Hochsee Skipper Ausbildung Theoriekurse &amp; Meilentoerns","article_modified_time":"2023-12-12T17:13:01+00:00","twitter_card":"summary_large_image","twitter_misc":{"Est. reading time":"7 minutes"},"schema":{"@context":"https:\/\/schema.org","@graph":[{"@type":"WebPage","@id":"https:\/\/lunamare.ch\/allgemeine-geschaeftsbedingungen\/","url":"https:\/\/lunamare.ch\/allgemeine-geschaeftsbedingungen\/","name":"Allgemeine Gesch\u00e4ftsbedingungen - Hochsee Skipper Ausbildung Theoriekurse &amp; Meilentoerns","isPartOf":{"@id":"https:\/\/www.lunamare.ch\/#website"},"datePublished":"2021-12-13T23:28:59+00:00","dateModified":"2023-12-12T17:13:01+00:00","breadcrumb":{"@id":"https:\/\/lunamare.ch\/allgemeine-geschaeftsbedingungen\/#breadcrumb"},"inLanguage":"en-US","potentialAction":[{"@type":"ReadAction","target":["https:\/\/lunamare.ch\/allgemeine-geschaeftsbedingungen\/"]}]},{"@type":"BreadcrumbList","@id":"https:\/\/lunamare.ch\/allgemeine-geschaeftsbedingungen\/#breadcrumb","itemListElement":[{"@type":"ListItem","position":1,"name":"Startseite","item":"https:\/\/lunamare.ch\/"},{"@type":"ListItem","position":2,"name":"Allgemeine Gesch\u00e4ftsbedingungen"}]},{"@type":"WebSite","@id":"https:\/\/www.lunamare.ch\/#website","url":"https:\/\/www.lunamare.ch\/","name":"Hochsee Skipper Ausbildung Theoriekurse &amp; Meilentoerns","description":"Hochseeausbildung fuer Theorie &amp; Praxis! Meilentoerns, Skippertoerns und Familientoerns weltweit","potentialAction":[{"@type":"SearchAction","target":{"@type":"EntryPoint","urlTemplate":"https:\/\/www.lunamare.ch\/?s={search_term_string}"},"query-input":{"@type":"PropertyValueSpecification","valueRequired":true,"valueName":"search_term_string"}}],"inLanguage":"en-US"}]}},"_links":{"self":[{"href":"https:\/\/lunamare.ch\/en\/wp-json\/wp\/v2\/pages\/172","targetHints":{"allow":["GET"]}}],"collection":[{"href":"https:\/\/lunamare.ch\/en\/wp-json\/wp\/v2\/pages"}],"about":[{"href":"https:\/\/lunamare.ch\/en\/wp-json\/wp\/v2\/types\/page"}],"author":[{"embeddable":true,"href":"https:\/\/lunamare.ch\/en\/wp-json\/wp\/v2\/users\/1"}],"replies":[{"embeddable":true,"href":"https:\/\/lunamare.ch\/en\/wp-json\/wp\/v2\/comments?post=172"}],"version-history":[{"count":5,"href":"https:\/\/lunamare.ch\/en\/wp-json\/wp\/v2\/pages\/172\/revisions"}],"predecessor-version":[{"id":1415,"href":"https:\/\/lunamare.ch\/en\/wp-json\/wp\/v2\/pages\/172\/revisions\/1415"}],"wp:attachment":[{"href":"https:\/\/lunamare.ch\/en\/wp-json\/wp\/v2\/media?parent=172"}],"curies":[{"name":"wp","href":"https:\/\/api.w.org\/{rel}","templated":true}]}}