{"id":59,"date":"2021-12-13T10:23:04","date_gmt":"2021-12-13T09:23:04","guid":{"rendered":"https:\/\/lunamare.ch\/?page_id=59"},"modified":"2024-11-15T12:29:01","modified_gmt":"2024-11-15T11:29:01","slug":"toerns-von-hochsee-skipper-ausbildung-weltweit-und-meilentoerns-skippertoerns","status":"publish","type":"page","link":"https:\/\/lunamare.ch\/en\/toerns-von-hochsee-skipper-ausbildung-weltweit-und-meilentoerns-skippertoerns\/","title":{"rendered":"Cruises"},"content":{"rendered":"\n[et_pb_section fb_built=&#8220;1&#8243; fullwidth=&#8220;on&#8220; admin_label=&#8220;Header Section&#8220; _builder_version=&#8220;3.22&#8243; background_color=&#8220;#000000&#8243; custom_padding=&#8220;|||&#8220; locked=&#8220;off&#8220; global_colors_info=&#8220;{}&#8220;][et_pb_fullwidth_header title=&#8220;Massgeschneiderte Hochseet\u00f6rns &#8220; subhead=&#8220;Wir legen grossen Wert auf hohe Qualit\u00e4t und Sicherheit, sowohl in der Vorbereitung als auch in der Durchf\u00fchrung der T\u00f6rns. Die Auswahl der Reviere, unserer Partner und der Schiffe erfolgt handverlesen und ist optimal auf die Bed\u00fcrfnisse und W\u00fcnsche unserer G\u00e4ste abgestimmt. Es liegt uns viel daran, Dir ein einzigartiges und unvergessliches Segelabenteuer zu bieten, welches Dir noch lange in positiver Erinnerung bleiben wird. &#8220; text_orientation=&#8220;center&#8220; header_fullscreen=&#8220;on&#8220; header_scroll_down=&#8220;on&#8220; scroll_down_icon=&#8220;%%2%%&#8220; background_overlay_color=&#8220;rgba(0,0,0,0.4)&#8220; content_max_width_last_edited=&#8220;off|desktop&#8220; admin_label=&#8220;Contents&#8220; _builder_version=&#8220;4.14.4&#8243; title_text_align=&#8220;center&#8220; title_font_size=&#8220;60px&#8220; title_letter_spacing=&#8220;0.05em&#8220; title_line_height=&#8220;1.5em&#8220; subhead_font=&#8220;Nunito|600|||||||&#8220; subhead_font_size=&#8220;20px&#8220; subhead_line_height=&#8220;1.9em&#8220; background_color=&#8220;rgba(255, 255, 255, 0)&#8220; background_image=&#8220;https:\/\/lunamare.ch\/wp-content\/uploads\/2021\/12\/2016-Lofoten-105-von-189.jpeg&#8220; parallax=&#8220;on&#8220; parallax_method=&#8220;on&#8220; custom_margin=&#8220;|||&#8220; custom_padding=&#8220;5%||5%|&#8220; animation_style=&#8220;fade&#8220; animation_starting_opacity=&#8220;50%&#8220; animation_speed_curve=&#8220;ease-in&#8220; title_font_size_tablet=&#8220;60px&#8220; title_font_size_phone=&#8220;40px&#8220; title_font_size_last_edited=&#8220;on|phone&#8220; button_one_border_color_hover=&#8220;#c99872&#8243; button_one_border_radius_hover=&#8220;0px&#8220; button_one_letter_spacing_hover=&#8220;3px&#8220; button_one_bg_color_hover=&#8220;#c99872&#8243; global_colors_info=&#8220;{}&#8220; button_one_text_size__hover_enabled=&#8220;off&#8220; button_two_text_size__hover_enabled=&#8220;off&#8220; button_one_text_color__hover_enabled=&#8220;off&#8220; button_two_text_color__hover_enabled=&#8220;off&#8220; button_one_border_width__hover_enabled=&#8220;off&#8220; button_two_border_width__hover_enabled=&#8220;off&#8220; button_one_border_color__hover_enabled=&#8220;on&#8220; button_one_border_color__hover=&#8220;#c99872&#8243; button_two_border_color__hover_enabled=&#8220;off&#8220; button_one_border_radius__hover_enabled=&#8220;on&#8220; button_one_border_radius__hover=&#8220;0px&#8220; button_two_border_radius__hover_enabled=&#8220;off&#8220; button_one_letter_spacing__hover_enabled=&#8220;on&#8220; button_one_letter_spacing__hover=&#8220;3px&#8220; button_two_letter_spacing__hover_enabled=&#8220;off&#8220; button_one_bg_color__hover_enabled=&#8220;on&#8220; button_one_bg_color__hover=&#8220;#c99872&#8243; button_two_bg_color__hover_enabled=&#8220;off&#8220;][\/et_pb_fullwidth_header][\/et_pb_section][et_pb_section fb_built=&#8220;1&#8243; admin_label=&#8220;Brewing Step&#8220; _builder_version=&#8220;3.22&#8243; global_colors_info=&#8220;{}&#8220;][et_pb_row _builder_version=&#8220;3.25&#8243; global_colors_info=&#8220;{}&#8220;][et_pb_column type=&#8220;4_4&#8243; _builder_version=&#8220;3.25&#8243; custom_padding=&#8220;|||&#8220; global_colors_info=&#8220;{}&#8220; custom_padding__hover=&#8220;|||&#8220;][et_pb_divider color=&#8220;rgba(0,0,0,0.09)&#8220; divider_weight=&#8220;3px&#8220; _builder_version=&#8220;3.2&#8243; global_colors_info=&#8220;{}&#8220;][\/et_pb_divider][et_pb_text _builder_version=&#8220;4.14.4&#8243; text_font=&#8220;||||||||&#8220; text_font_size=&#8220;18px&#8220; text_line_height=&#8220;1.8em&#8220; header_text_align=&#8220;center&#8220; header_font_size=&#8220;16px&#8220; header_letter_spacing=&#8220;2px&#8220; header_line_height=&#8220;1.7em&#8220; header_3_font=&#8220;Oswald|||on|||||&#8220; header_3_font_size=&#8220;42px&#8220; header_3_letter_spacing=&#8220;2px&#8220; header_3_line_height=&#8220;1.5em&#8220; header_4_font=&#8220;Oswald|||on|||||&#8220; header_4_font_size=&#8220;16px&#8220; header_4_letter_spacing=&#8220;1px&#8220; header_4_line_height=&#8220;1.5em&#8220; background_size=&#8220;initial&#8220; background_position=&#8220;top_left&#8220; background_repeat=&#8220;repeat&#8220; width=&#8220;100%&#8220; max_width=&#8220;1328px&#8220; max_width_tablet=&#8220;&#8220; max_width_phone=&#8220;&#8220; max_width_last_edited=&#8220;on|phone&#8220; module_alignment=&#8220;left&#8220; custom_margin=&#8220;|||&#8220; locked=&#8220;off&#8220; global_colors_info=&#8220;{}&#8220;]<h3><span style=\"color: #003366;\">Ausbildungs- und Meilent\u00f6rns<\/span><\/h3>\n<p><span style=\"color: #333333;\">Unsere Ausbildungst\u00f6rns sind besonders geeignet f\u00fcr Anw\u00e4rter des Hochseescheins. Wir bieten eine umfassende Ausbildung, von der T\u00f6rnplanung, \u00fcber Sicherheitsfragen bis hin zu Navigation und Hafenman\u00f6ver. Wir segeln meist tags\u00fcber, wobei pro T\u00f6rn auch 1-2 Nachtschl\u00e4ge eingeplant sind. Alle Crewmitglieder werden in den Wach Plan eingebunden und sind an der Schiffs- und Logbuchf\u00fchrung sowie an der Navigation und beim Rudergehen beteiligt. Die dabei zur\u00fcckgelegten Seemeilen werden nat\u00fcrlich durch unsere Skipper best\u00e4tigt. Es geht uns aber nicht darum, m\u00f6glichst schnell viele Meilen zu sammeln, sondern Dir eine umfassende Ausbildung f\u00fcr die souver\u00e4ne und sichere Handhabung einer Hochseeyacht zu bieten. Ausserdem ist uns der gesellschaftliche Aspekt wichtig, gem\u00fctliches Zusammensitzen, gute Gespr\u00e4che und feines Essen geh\u00f6ren einfach dazu. So ist ein Ausbildungst\u00f6rn nicht nur lehrreich, sondern bereitet auch noch viel Freude und macht Spass!<\/span><\/p>[\/et_pb_text][et_pb_image src=&#8220;https:\/\/lunamare.ch\/wp-content\/uploads\/2021\/12\/lunamarehochseeskipperausbildungschweizkanarenadventure2.jpg&#8220; title_text=&#8220;lunamarehochseeskipperausbildungschweizkanarenadventure2&#8243; align_tablet=&#8220;center&#8220; align_phone=&#8220;&#8220; align_last_edited=&#8220;on|desktop&#8220; _builder_version=&#8220;4.14.4&#8243; hover_enabled=&#8220;0&#8243; global_colors_info=&#8220;{}&#8220; sticky_enabled=&#8220;0&#8243;][\/et_pb_image][et_pb_shop type=&#8220;product_category&#8220; include_categories=&#8220;25&#8243; _builder_version=&#8220;4.14.4&#8243; _module_preset=&#8220;default&#8220; global_colors_info=&#8220;{}&#8220;][\/et_pb_shop][\/et_pb_column][\/et_pb_row][\/et_pb_section][et_pb_section fb_built=&#8220;1&#8243; admin_label=&#8220;Brewing Step&#8220; _builder_version=&#8220;3.22&#8243; global_colors_info=&#8220;{}&#8220;][et_pb_row _builder_version=&#8220;3.25&#8243; global_colors_info=&#8220;{}&#8220;][et_pb_column type=&#8220;4_4&#8243; _builder_version=&#8220;3.25&#8243; custom_padding=&#8220;|||&#8220; global_colors_info=&#8220;{}&#8220; custom_padding__hover=&#8220;|||&#8220;][et_pb_divider color=&#8220;rgba(0,0,0,0.09)&#8220; divider_weight=&#8220;3px&#8220; _builder_version=&#8220;3.2&#8243; global_colors_info=&#8220;{}&#8220;][\/et_pb_divider][et_pb_text _builder_version=&#8220;4.14.4&#8243; text_font=&#8220;Nunito||||||||&#8220; text_font_size=&#8220;18px&#8220; text_line_height=&#8220;1.8em&#8220; header_text_align=&#8220;center&#8220; header_font_size=&#8220;16px&#8220; header_letter_spacing=&#8220;2px&#8220; header_line_height=&#8220;1.7em&#8220; header_3_font=&#8220;Oswald|||on|||||&#8220; header_3_font_size=&#8220;42px&#8220; header_3_letter_spacing=&#8220;2px&#8220; header_3_line_height=&#8220;1.5em&#8220; header_4_font=&#8220;Oswald|||on|||||&#8220; header_4_font_size=&#8220;16px&#8220; header_4_letter_spacing=&#8220;1px&#8220; header_4_line_height=&#8220;1.5em&#8220; background_size=&#8220;initial&#8220; background_position=&#8220;top_left&#8220; background_repeat=&#8220;repeat&#8220; max_width=&#8220;1328px&#8220; max_width_tablet=&#8220;&#8220; max_width_phone=&#8220;&#8220; max_width_last_edited=&#8220;on|phone&#8220; module_alignment=&#8220;left&#8220; custom_margin=&#8220;|||&#8220; locked=&#8220;off&#8220; global_colors_info=&#8220;{}&#8220;]<h3><span style=\"color: #003366;\">\u00dcberf\u00fchrungst\u00f6rns<\/span><\/h3>\n<p><span style=\"color: #333333;\">Hast Du Dir schon einmal vorgestellt, die K\u00fcste hinter Dir zu lassen und mehrere Tage (oder Wochen) Nonstop zu segeln? Je nach Wind- und Wetterlage kann eine solche Reise anspruchsvoll und zu einem echten Abenteuer werden und von der Crew einiges abverlangen. Ein Hochsee-\u00dcberf\u00fchrungst\u00f6rn \u00fcber viele Tage und N\u00e4chte ohne Pause stellt in jeder Hinsicht hohe Anforderungen an die Crew und an das Schiff dar. Das bedingt Teamarbeit im Wach Rhythmus und ist weniger gem\u00fctliches Urlaubssegeln als die \u00dcberwindung einer Distanz in vorgegebener Zeit. Der Teilnehmer sollte bereits eine gewisse Segelerfahrung mitbringen, k\u00f6rperlich fit und psychisch unbelastet sein und sich aktiv in ein Team einbringen k\u00f6nnen.<\/span><\/p>[\/et_pb_text][et_pb_image src=&#8220;https:\/\/lunamare.ch\/wp-content\/uploads\/2021\/12\/lunamarehochseeskipperausbildungoffshoresailingkanaren3.jpg&#8220; title_text=&#8220;lunamarehochseeskipperausbildungoffshoresailingkanaren3&#8243; align_tablet=&#8220;center&#8220; align_phone=&#8220;&#8220; align_last_edited=&#8220;on|desktop&#8220; _builder_version=&#8220;4.14.4&#8243; global_colors_info=&#8220;{}&#8220;][\/et_pb_image][\/et_pb_column][\/et_pb_row][\/et_pb_section][et_pb_section fb_built=&#8220;1&#8243; admin_label=&#8220;Brewing Step&#8220; _builder_version=&#8220;3.22&#8243; global_colors_info=&#8220;{}&#8220;][et_pb_row _builder_version=&#8220;3.25&#8243; global_colors_info=&#8220;{}&#8220;][et_pb_column type=&#8220;4_4&#8243; _builder_version=&#8220;3.25&#8243; custom_padding=&#8220;|||&#8220; global_colors_info=&#8220;{}&#8220; custom_padding__hover=&#8220;|||&#8220;][et_pb_divider color=&#8220;rgba(0,0,0,0.09)&#8220; divider_weight=&#8220;3px&#8220; _builder_version=&#8220;3.2&#8243; global_colors_info=&#8220;{}&#8220;][\/et_pb_divider][et_pb_text _builder_version=&#8220;4.14.4&#8243; text_font=&#8220;Nunito||||||||&#8220; text_font_size=&#8220;18px&#8220; text_line_height=&#8220;1.8em&#8220; header_text_align=&#8220;center&#8220; header_font_size=&#8220;16px&#8220; header_letter_spacing=&#8220;2px&#8220; header_line_height=&#8220;1.7em&#8220; header_3_font=&#8220;Oswald|||on|||||&#8220; header_3_font_size=&#8220;42px&#8220; header_3_letter_spacing=&#8220;2px&#8220; header_3_line_height=&#8220;1.5em&#8220; header_4_font=&#8220;Oswald|||on|||||&#8220; header_4_font_size=&#8220;16px&#8220; header_4_letter_spacing=&#8220;1px&#8220; header_4_line_height=&#8220;1.5em&#8220; background_size=&#8220;initial&#8220; background_position=&#8220;top_left&#8220; background_repeat=&#8220;repeat&#8220; max_width=&#8220;1328px&#8220; max_width_tablet=&#8220;&#8220; max_width_phone=&#8220;&#8220; max_width_last_edited=&#8220;on|phone&#8220; module_alignment=&#8220;left&#8220; custom_margin=&#8220;|||&#8220; locked=&#8220;off&#8220; global_colors_info=&#8220;{}&#8220;]<h3><span style=\"color: #003366;\">Ferient\u00f6rns<\/span><\/h3>\n<p><span style=\"color: #333333;\">Bist Du auf der Suche nach einem ganz speziellen Segelerlebnis zusammen mit Familie, Freunden oder Kollegen? Es geht Dir aber nicht darum, grosse Distanzen zur\u00fcckzulegen. Vielmehr m\u00f6chtest Du Wind und Wellen geniessen, entspannen, baden und Ankerbuchten erkunden. Vielleicht einen geselligen Abend in einem Hafenrestaurant erleben oder am Abend vor Anker liegen und bei Kerzenlicht und einem sch\u00f6nen Glas Wein den Tag ausklingen lassen. Oder du liegst auf dem Vordeck und geniesst einfach den Sternenhimmel und l\u00e4sst die Seele baumeln. Und wer weiss: vielleicht siehst du sogar eine Sternschnuppe!<\/span><\/p>\n<p>&nbsp;<\/p>[\/et_pb_text][et_pb_image src=&#8220;https:\/\/lunamare.ch\/wp-content\/uploads\/2021\/12\/lunamarehochseeskipperausbildungmeilentoernhochseescheinbscheintuerkei2.jpg&#8220; title_text=&#8220;lunamarehochseeskipperausbildungmeilentoernhochseescheinbscheint\u00fcrkei2&#8243; align_tablet=&#8220;center&#8220; align_phone=&#8220;&#8220; align_last_edited=&#8220;on|desktop&#8220; _builder_version=&#8220;4.14.4&#8243; global_colors_info=&#8220;{}&#8220;][\/et_pb_image][\/et_pb_column][\/et_pb_row][\/et_pb_section]\n","protected":false},"excerpt":{"rendered":"<p>Ausbildungs- und Meilent\u00f6rns Unsere Ausbildungst\u00f6rns sind besonders geeignet f\u00fcr Anw\u00e4rter des Hochseescheins. Wir bieten eine umfassende Ausbildung, von der T\u00f6rnplanung, \u00fcber Sicherheitsfragen bis hin zu Navigation und Hafenman\u00f6ver. Wir segeln meist tags\u00fcber, wobei pro T\u00f6rn auch 1-2 Nachtschl\u00e4ge eingeplant sind. Alle Crewmitglieder werden in den Wach Plan eingebunden und sind an der Schiffs- und Logbuchf\u00fchrung [&hellip;]<\/p>\n","protected":false},"author":1,"featured_media":0,"parent":0,"menu_order":0,"comment_status":"closed","ping_status":"closed","template":"","meta":{"_et_pb_use_builder":"on","_et_pb_old_content":"","_et_gb_content_width":"","footnotes":""},"class_list":["post-59","page","type-page","status-publish","hentry"],"yoast_head":"<!-- This site is optimized with the Yoast SEO plugin v27.3 - https:\/\/yoast.com\/product\/yoast-seo-wordpress\/ -->\n<title>Hochseetoerns wie Meilentoerns, Skippertoerns &amp; Schiffs\u00fcberf\u00fchrungen<\/title>\n<meta name=\"description\" content=\"Mit unseren professionellen Segellehrern bieten wir Hochseeausbildungst\u00f6rns, Skippert\u00f6rns, Schiffs\u00fcberf\u00fchrungen &amp; weitere Angebote an!\" \/>\n<meta name=\"robots\" content=\"index, follow, max-snippet:-1, max-image-preview:large, max-video-preview:-1\" \/>\n<link rel=\"canonical\" href=\"https:\/\/lunamare.ch\/en\/toerns-von-hochsee-skipper-ausbildung-weltweit-und-meilentoerns-skippertoerns\/\" \/>\n<meta property=\"og:locale\" content=\"en_US\" \/>\n<meta property=\"og:type\" content=\"article\" \/>\n<meta property=\"og:title\" content=\"Hochseetoerns wie Meilentoerns, Skippertoerns &amp; Schiffs\u00fcberf\u00fchrungen\" \/>\n<meta property=\"og:description\" content=\"Mit unseren professionellen Segellehrern bieten wir Hochseeausbildungst\u00f6rns, Skippert\u00f6rns, Schiffs\u00fcberf\u00fchrungen &amp; weitere Angebote an!\" \/>\n<meta property=\"og:url\" content=\"https:\/\/lunamare.ch\/en\/toerns-von-hochsee-skipper-ausbildung-weltweit-und-meilentoerns-skippertoerns\/\" \/>\n<meta property=\"og:site_name\" content=\"Hochsee Skipper Ausbildung Theoriekurse &amp; Meilentoerns\" \/>\n<meta property=\"article:modified_time\" content=\"2024-11-15T11:29:01+00:00\" \/>\n<meta name=\"twitter:card\" content=\"summary_large_image\" \/>\n<meta name=\"twitter:label1\" content=\"Est. reading time\" \/>\n\t<meta name=\"twitter:data1\" content=\"4 minutes\" \/>\n<script type=\"application\/ld+json\" class=\"yoast-schema-graph\">{\"@context\":\"https:\\\/\\\/schema.org\",\"@graph\":[{\"@type\":\"WebPage\",\"@id\":\"https:\\\/\\\/lunamare.ch\\\/toerns-von-hochsee-skipper-ausbildung-weltweit-und-meilentoerns-skippertoerns\\\/\",\"url\":\"https:\\\/\\\/lunamare.ch\\\/toerns-von-hochsee-skipper-ausbildung-weltweit-und-meilentoerns-skippertoerns\\\/\",\"name\":\"Hochseetoerns wie Meilentoerns, Skippertoerns & Schiffs\u00fcberf\u00fchrungen\",\"isPartOf\":{\"@id\":\"https:\\\/\\\/www.lunamare.ch\\\/#website\"},\"datePublished\":\"2021-12-13T09:23:04+00:00\",\"dateModified\":\"2024-11-15T11:29:01+00:00\",\"description\":\"Mit unseren professionellen Segellehrern bieten wir Hochseeausbildungst\u00f6rns, Skippert\u00f6rns, Schiffs\u00fcberf\u00fchrungen & weitere Angebote an!\",\"breadcrumb\":{\"@id\":\"https:\\\/\\\/lunamare.ch\\\/toerns-von-hochsee-skipper-ausbildung-weltweit-und-meilentoerns-skippertoerns\\\/#breadcrumb\"},\"inLanguage\":\"en-US\",\"potentialAction\":[{\"@type\":\"ReadAction\",\"target\":[\"https:\\\/\\\/lunamare.ch\\\/toerns-von-hochsee-skipper-ausbildung-weltweit-und-meilentoerns-skippertoerns\\\/\"]}]},{\"@type\":\"BreadcrumbList\",\"@id\":\"https:\\\/\\\/lunamare.ch\\\/toerns-von-hochsee-skipper-ausbildung-weltweit-und-meilentoerns-skippertoerns\\\/#breadcrumb\",\"itemListElement\":[{\"@type\":\"ListItem\",\"position\":1,\"name\":\"Startseite\",\"item\":\"https:\\\/\\\/lunamare.ch\\\/\"},{\"@type\":\"ListItem\",\"position\":2,\"name\":\"T\u00f6rns\"}]},{\"@type\":\"WebSite\",\"@id\":\"https:\\\/\\\/www.lunamare.ch\\\/#website\",\"url\":\"https:\\\/\\\/www.lunamare.ch\\\/\",\"name\":\"Hochsee Skipper Ausbildung Theoriekurse &amp; Meilentoerns\",\"description\":\"Hochseeausbildung fuer Theorie &amp; Praxis! Meilentoerns, Skippertoerns und Familientoerns weltweit\",\"potentialAction\":[{\"@type\":\"SearchAction\",\"target\":{\"@type\":\"EntryPoint\",\"urlTemplate\":\"https:\\\/\\\/www.lunamare.ch\\\/?s={search_term_string}\"},\"query-input\":{\"@type\":\"PropertyValueSpecification\",\"valueRequired\":true,\"valueName\":\"search_term_string\"}}],\"inLanguage\":\"en-US\"}]}<\/script>\n<!-- \/ Yoast SEO plugin. -->","yoast_head_json":{"title":"Hochseetoerns wie Meilentoerns, Skippertoerns & Schiffs\u00fcberf\u00fchrungen","description":"Mit unseren professionellen Segellehrern bieten wir Hochseeausbildungst\u00f6rns, Skippert\u00f6rns, Schiffs\u00fcberf\u00fchrungen & weitere Angebote an!","robots":{"index":"index","follow":"follow","max-snippet":"max-snippet:-1","max-image-preview":"max-image-preview:large","max-video-preview":"max-video-preview:-1"},"canonical":"https:\/\/lunamare.ch\/en\/toerns-von-hochsee-skipper-ausbildung-weltweit-und-meilentoerns-skippertoerns\/","og_locale":"en_US","og_type":"article","og_title":"Hochseetoerns wie Meilentoerns, Skippertoerns & Schiffs\u00fcberf\u00fchrungen","og_description":"Mit unseren professionellen Segellehrern bieten wir Hochseeausbildungst\u00f6rns, Skippert\u00f6rns, Schiffs\u00fcberf\u00fchrungen & weitere Angebote an!","og_url":"https:\/\/lunamare.ch\/en\/toerns-von-hochsee-skipper-ausbildung-weltweit-und-meilentoerns-skippertoerns\/","og_site_name":"Hochsee Skipper Ausbildung Theoriekurse &amp; Meilentoerns","article_modified_time":"2024-11-15T11:29:01+00:00","twitter_card":"summary_large_image","twitter_misc":{"Est. reading time":"4 minutes"},"schema":{"@context":"https:\/\/schema.org","@graph":[{"@type":"WebPage","@id":"https:\/\/lunamare.ch\/toerns-von-hochsee-skipper-ausbildung-weltweit-und-meilentoerns-skippertoerns\/","url":"https:\/\/lunamare.ch\/toerns-von-hochsee-skipper-ausbildung-weltweit-und-meilentoerns-skippertoerns\/","name":"Hochseetoerns wie Meilentoerns, Skippertoerns & Schiffs\u00fcberf\u00fchrungen","isPartOf":{"@id":"https:\/\/www.lunamare.ch\/#website"},"datePublished":"2021-12-13T09:23:04+00:00","dateModified":"2024-11-15T11:29:01+00:00","description":"Mit unseren professionellen Segellehrern bieten wir Hochseeausbildungst\u00f6rns, Skippert\u00f6rns, Schiffs\u00fcberf\u00fchrungen & weitere Angebote an!","breadcrumb":{"@id":"https:\/\/lunamare.ch\/toerns-von-hochsee-skipper-ausbildung-weltweit-und-meilentoerns-skippertoerns\/#breadcrumb"},"inLanguage":"en-US","potentialAction":[{"@type":"ReadAction","target":["https:\/\/lunamare.ch\/toerns-von-hochsee-skipper-ausbildung-weltweit-und-meilentoerns-skippertoerns\/"]}]},{"@type":"BreadcrumbList","@id":"https:\/\/lunamare.ch\/toerns-von-hochsee-skipper-ausbildung-weltweit-und-meilentoerns-skippertoerns\/#breadcrumb","itemListElement":[{"@type":"ListItem","position":1,"name":"Startseite","item":"https:\/\/lunamare.ch\/"},{"@type":"ListItem","position":2,"name":"T\u00f6rns"}]},{"@type":"WebSite","@id":"https:\/\/www.lunamare.ch\/#website","url":"https:\/\/www.lunamare.ch\/","name":"Hochsee Skipper Ausbildung Theoriekurse &amp; Meilentoerns","description":"Hochseeausbildung fuer Theorie &amp; Praxis! Meilentoerns, Skippertoerns und Familientoerns weltweit","potentialAction":[{"@type":"SearchAction","target":{"@type":"EntryPoint","urlTemplate":"https:\/\/www.lunamare.ch\/?s={search_term_string}"},"query-input":{"@type":"PropertyValueSpecification","valueRequired":true,"valueName":"search_term_string"}}],"inLanguage":"en-US"}]}},"_links":{"self":[{"href":"https:\/\/lunamare.ch\/en\/wp-json\/wp\/v2\/pages\/59","targetHints":{"allow":["GET"]}}],"collection":[{"href":"https:\/\/lunamare.ch\/en\/wp-json\/wp\/v2\/pages"}],"about":[{"href":"https:\/\/lunamare.ch\/en\/wp-json\/wp\/v2\/types\/page"}],"author":[{"embeddable":true,"href":"https:\/\/lunamare.ch\/en\/wp-json\/wp\/v2\/users\/1"}],"replies":[{"embeddable":true,"href":"https:\/\/lunamare.ch\/en\/wp-json\/wp\/v2\/comments?post=59"}],"version-history":[{"count":24,"href":"https:\/\/lunamare.ch\/en\/wp-json\/wp\/v2\/pages\/59\/revisions"}],"predecessor-version":[{"id":1397,"href":"https:\/\/lunamare.ch\/en\/wp-json\/wp\/v2\/pages\/59\/revisions\/1397"}],"wp:attachment":[{"href":"https:\/\/lunamare.ch\/en\/wp-json\/wp\/v2\/media?parent=59"}],"curies":[{"name":"wp","href":"https:\/\/api.w.org\/{rel}","templated":true}]}}