{"id":1772,"date":"2024-10-01T18:23:59","date_gmt":"2024-10-01T16:23:59","guid":{"rendered":"https:\/\/lunamare.ch\/?post_type=product&#038;p=1772"},"modified":"2025-09-30T17:34:36","modified_gmt":"2025-09-30T15:34:36","slug":"26-01-theorie-hochsee-januar-2026-mittwoch","status":"publish","type":"product","link":"https:\/\/lunamare.ch\/en\/angebote\/bschein\/theoriekurse\/26-01-theorie-hochsee-januar-2026-mittwoch\/","title":{"rendered":"26\/01 Theorie Hochsee Januar 2026 Mittwoch"},"content":{"rendered":"<p>An 12 Abenden \u00e0 2.5 Stunden vermitteln wir Dir den gesamten Lernstoff. Da wir erst um 19.00 Uhr beginnen kannst Du bequem und ohne Zeitdruck nach Deinem Arbeitstag diesen Kurs besuchen. Das Clublokal liegt unmittelbar am sch\u00f6nen Z\u00fcrichsee und ist gut mit dem Auto und dem \u00f6ffentlichen Verkehr erreichbar. Es sind gen\u00fcgend Parkpl\u00e4tze vorhanden und der Bahnhof ist nur gerade 10 Gehminuten vom Lokal entfernt. Pro Woche musst Du mit 1 bis 3 Stunden Selbststudium zu Hause rechnen.<\/p>\n<p>Our lessons are based on the documents of the CCS (Cruising Club Switzerland) and the book \"Seemannschaft\", a standard work of nautical literature. We work on all the basics together and consolidate them in the classroom with practical exercises.<\/p>\n<ul>\n<li><strong>Navigation:<\/strong>\u00a0Handling nautical charts, chart sets and course conversion.<\/li>\n<li><strong>Wind and stream:<\/strong> Influence of wind and current on my course.<\/li>\n<li><strong>Positioning:<\/strong>\u00a0Positioning using handheld compass, radar and GPS.<\/li>\n<li><strong>Tides:<\/strong>\u00a0Determination of tides and tidal currents in relation to a specific time and location<\/li>\n<li><strong>Seamanship\/maritime law:<\/strong>\u00a0Safety equipment, seamanship, collision prevention rules (COLREGs).<\/li>\n<li><strong>Meteorology:<\/strong> Recognition of weather changes and influence on cruise planning<\/li>\n<\/ul>","protected":false},"excerpt":{"rendered":"<p><span style=\"color: #339966;\"><strong>Nur noch wenige Pl\u00e4tze<br \/>\n<\/strong><\/span><\/p>\n<p>KURSBEGINN: Mittwoch, 14. Januar 2026<\/p>\n<p><strong><span style=\"color: #ff0000;\">IMPORTANT NOTICE:<\/span><\/strong>\u00a0Course material and examination fee are not included in the price! The course material can be purchased in our webshop, the examination fee will be invoiced directly by the chosen examination center (CCS\/SYA).<\/p>","protected":false},"featured_media":473,"template":"","meta":{"_et_pb_use_builder":"","_et_pb_old_content":"","_et_gb_content_width":""},"product_brand":[],"product_cat":[35],"product_tag":[],"class_list":{"0":"post-1772","1":"product","2":"type-product","3":"status-publish","4":"has-post-thumbnail","6":"product_cat-theoriekurse","8":"first","9":"instock","10":"virtual","11":"purchasable","12":"product-type-simple"},"yoast_head":"<!-- This site is optimized with the Yoast SEO plugin v27.3 - https:\/\/yoast.com\/product\/yoast-seo-wordpress\/ -->\n<title>26\/01 Theorie Hochsee Januar 2026 Mittwoch - Hochsee Skipper Ausbildung Theoriekurse &amp; Meilentoerns<\/title>\n<meta name=\"robots\" content=\"index, follow, max-snippet:-1, max-image-preview:large, max-video-preview:-1\" \/>\n<link rel=\"canonical\" href=\"https:\/\/lunamare.ch\/en\/angebote\/bschein\/theoriekurse\/26-01-theorie-hochsee-januar-2026-mittwoch\/\" \/>\n<meta property=\"og:locale\" content=\"en_US\" \/>\n<meta property=\"og:type\" content=\"article\" \/>\n<meta property=\"og:title\" content=\"26\/01 Theorie Hochsee Januar 2026 Mittwoch - Hochsee Skipper Ausbildung Theoriekurse &amp; Meilentoerns\" \/>\n<meta property=\"og:description\" content=\"Nur noch wenige Pl\u00e4tze   KURSBEGINN: Mittwoch, 14. Januar 2026  WICHTIGER HINWEIS:\u00a0Kursmaterial und Pr\u00fcfungsgeb\u00fchr sind im Preis nicht inbegriffen! Das Kursmaterial kann in unserem Webshop erworben werden, die Pr\u00fcfungsgeb\u00fchr wird von der gew\u00e4hlten Pr\u00fcfstelle (CCS\/SYA) direkt in Rechnung gestellt.\" \/>\n<meta property=\"og:url\" content=\"https:\/\/lunamare.ch\/en\/angebote\/bschein\/theoriekurse\/26-01-theorie-hochsee-januar-2026-mittwoch\/\" \/>\n<meta property=\"og:site_name\" content=\"Hochsee Skipper Ausbildung Theoriekurse &amp; Meilentoerns\" \/>\n<meta property=\"article:modified_time\" content=\"2025-09-30T15:34:36+00:00\" \/>\n<meta property=\"og:image\" content=\"https:\/\/lunamare.ch\/wp-content\/uploads\/2021\/12\/P1010520-2.jpg\" \/>\n\t<meta property=\"og:image:width\" content=\"2400\" \/>\n\t<meta property=\"og:image:height\" content=\"1600\" \/>\n\t<meta property=\"og:image:type\" content=\"image\/jpeg\" \/>\n<meta name=\"twitter:card\" content=\"summary_large_image\" \/>\n<meta name=\"twitter:label1\" content=\"Est. reading time\" \/>\n\t<meta name=\"twitter:data1\" content=\"2 minutes\" \/>\n<script type=\"application\/ld+json\" class=\"yoast-schema-graph\">{\"@context\":\"https:\\\/\\\/schema.org\",\"@graph\":[{\"@type\":\"WebPage\",\"@id\":\"https:\\\/\\\/lunamare.ch\\\/angebote\\\/bschein\\\/theoriekurse\\\/26-01-theorie-hochsee-januar-2026-mittwoch\\\/\",\"url\":\"https:\\\/\\\/lunamare.ch\\\/angebote\\\/bschein\\\/theoriekurse\\\/26-01-theorie-hochsee-januar-2026-mittwoch\\\/\",\"name\":\"26\\\/01 Theorie Hochsee Januar 2026 Mittwoch - Hochsee Skipper Ausbildung Theoriekurse &amp; Meilentoerns\",\"isPartOf\":{\"@id\":\"https:\\\/\\\/www.lunamare.ch\\\/#website\"},\"primaryImageOfPage\":{\"@id\":\"https:\\\/\\\/lunamare.ch\\\/angebote\\\/bschein\\\/theoriekurse\\\/26-01-theorie-hochsee-januar-2026-mittwoch\\\/#primaryimage\"},\"image\":{\"@id\":\"https:\\\/\\\/lunamare.ch\\\/angebote\\\/bschein\\\/theoriekurse\\\/26-01-theorie-hochsee-januar-2026-mittwoch\\\/#primaryimage\"},\"thumbnailUrl\":\"https:\\\/\\\/lunamare.ch\\\/wp-content\\\/uploads\\\/2021\\\/12\\\/P1010520-2.jpg\",\"datePublished\":\"2024-10-01T16:23:59+00:00\",\"dateModified\":\"2025-09-30T15:34:36+00:00\",\"breadcrumb\":{\"@id\":\"https:\\\/\\\/lunamare.ch\\\/angebote\\\/bschein\\\/theoriekurse\\\/26-01-theorie-hochsee-januar-2026-mittwoch\\\/#breadcrumb\"},\"inLanguage\":\"en-US\",\"potentialAction\":[{\"@type\":\"ReadAction\",\"target\":[\"https:\\\/\\\/lunamare.ch\\\/angebote\\\/bschein\\\/theoriekurse\\\/26-01-theorie-hochsee-januar-2026-mittwoch\\\/\"]}]},{\"@type\":\"ImageObject\",\"inLanguage\":\"en-US\",\"@id\":\"https:\\\/\\\/lunamare.ch\\\/angebote\\\/bschein\\\/theoriekurse\\\/26-01-theorie-hochsee-januar-2026-mittwoch\\\/#primaryimage\",\"url\":\"https:\\\/\\\/lunamare.ch\\\/wp-content\\\/uploads\\\/2021\\\/12\\\/P1010520-2.jpg\",\"contentUrl\":\"https:\\\/\\\/lunamare.ch\\\/wp-content\\\/uploads\\\/2021\\\/12\\\/P1010520-2.jpg\",\"width\":2400,\"height\":1600},{\"@type\":\"BreadcrumbList\",\"@id\":\"https:\\\/\\\/lunamare.ch\\\/angebote\\\/bschein\\\/theoriekurse\\\/26-01-theorie-hochsee-januar-2026-mittwoch\\\/#breadcrumb\",\"itemListElement\":[{\"@type\":\"ListItem\",\"position\":1,\"name\":\"Startseite\",\"item\":\"https:\\\/\\\/lunamare.ch\\\/\"},{\"@type\":\"ListItem\",\"position\":2,\"name\":\"Angebot\",\"item\":\"https:\\\/\\\/lunamare.ch\\\/angebot\\\/\"},{\"@type\":\"ListItem\",\"position\":3,\"name\":\"26\\\/01 Theorie Hochsee Januar 2026 Mittwoch\"}]},{\"@type\":\"WebSite\",\"@id\":\"https:\\\/\\\/www.lunamare.ch\\\/#website\",\"url\":\"https:\\\/\\\/www.lunamare.ch\\\/\",\"name\":\"Hochsee Skipper Ausbildung Theoriekurse &amp; Meilentoerns\",\"description\":\"Hochseeausbildung fuer Theorie &amp; Praxis! Meilentoerns, Skippertoerns und Familientoerns weltweit\",\"potentialAction\":[{\"@type\":\"SearchAction\",\"target\":{\"@type\":\"EntryPoint\",\"urlTemplate\":\"https:\\\/\\\/www.lunamare.ch\\\/?s={search_term_string}\"},\"query-input\":{\"@type\":\"PropertyValueSpecification\",\"valueRequired\":true,\"valueName\":\"search_term_string\"}}],\"inLanguage\":\"en-US\"}]}<\/script>\n<!-- \/ Yoast SEO plugin. -->","yoast_head_json":{"title":"26\/01 Theorie Hochsee Januar 2026 Mittwoch - Hochsee Skipper Ausbildung Theoriekurse &amp; Meilentoerns","robots":{"index":"index","follow":"follow","max-snippet":"max-snippet:-1","max-image-preview":"max-image-preview:large","max-video-preview":"max-video-preview:-1"},"canonical":"https:\/\/lunamare.ch\/en\/angebote\/bschein\/theoriekurse\/26-01-theorie-hochsee-januar-2026-mittwoch\/","og_locale":"en_US","og_type":"article","og_title":"26\/01 Theorie Hochsee Januar 2026 Mittwoch - Hochsee Skipper Ausbildung Theoriekurse &amp; Meilentoerns","og_description":"Nur noch wenige Pl\u00e4tze   KURSBEGINN: Mittwoch, 14. Januar 2026  WICHTIGER HINWEIS:\u00a0Kursmaterial und Pr\u00fcfungsgeb\u00fchr sind im Preis nicht inbegriffen! Das Kursmaterial kann in unserem Webshop erworben werden, die Pr\u00fcfungsgeb\u00fchr wird von der gew\u00e4hlten Pr\u00fcfstelle (CCS\/SYA) direkt in Rechnung gestellt.","og_url":"https:\/\/lunamare.ch\/en\/angebote\/bschein\/theoriekurse\/26-01-theorie-hochsee-januar-2026-mittwoch\/","og_site_name":"Hochsee Skipper Ausbildung Theoriekurse &amp; Meilentoerns","article_modified_time":"2025-09-30T15:34:36+00:00","og_image":[{"width":2400,"height":1600,"url":"https:\/\/lunamare.ch\/wp-content\/uploads\/2021\/12\/P1010520-2.jpg","type":"image\/jpeg"}],"twitter_card":"summary_large_image","twitter_misc":{"Est. reading time":"2 minutes"},"schema":{"@context":"https:\/\/schema.org","@graph":[{"@type":"WebPage","@id":"https:\/\/lunamare.ch\/angebote\/bschein\/theoriekurse\/26-01-theorie-hochsee-januar-2026-mittwoch\/","url":"https:\/\/lunamare.ch\/angebote\/bschein\/theoriekurse\/26-01-theorie-hochsee-januar-2026-mittwoch\/","name":"26\/01 Theorie Hochsee Januar 2026 Mittwoch - Hochsee Skipper Ausbildung Theoriekurse &amp; Meilentoerns","isPartOf":{"@id":"https:\/\/www.lunamare.ch\/#website"},"primaryImageOfPage":{"@id":"https:\/\/lunamare.ch\/angebote\/bschein\/theoriekurse\/26-01-theorie-hochsee-januar-2026-mittwoch\/#primaryimage"},"image":{"@id":"https:\/\/lunamare.ch\/angebote\/bschein\/theoriekurse\/26-01-theorie-hochsee-januar-2026-mittwoch\/#primaryimage"},"thumbnailUrl":"https:\/\/lunamare.ch\/wp-content\/uploads\/2021\/12\/P1010520-2.jpg","datePublished":"2024-10-01T16:23:59+00:00","dateModified":"2025-09-30T15:34:36+00:00","breadcrumb":{"@id":"https:\/\/lunamare.ch\/angebote\/bschein\/theoriekurse\/26-01-theorie-hochsee-januar-2026-mittwoch\/#breadcrumb"},"inLanguage":"en-US","potentialAction":[{"@type":"ReadAction","target":["https:\/\/lunamare.ch\/angebote\/bschein\/theoriekurse\/26-01-theorie-hochsee-januar-2026-mittwoch\/"]}]},{"@type":"ImageObject","inLanguage":"en-US","@id":"https:\/\/lunamare.ch\/angebote\/bschein\/theoriekurse\/26-01-theorie-hochsee-januar-2026-mittwoch\/#primaryimage","url":"https:\/\/lunamare.ch\/wp-content\/uploads\/2021\/12\/P1010520-2.jpg","contentUrl":"https:\/\/lunamare.ch\/wp-content\/uploads\/2021\/12\/P1010520-2.jpg","width":2400,"height":1600},{"@type":"BreadcrumbList","@id":"https:\/\/lunamare.ch\/angebote\/bschein\/theoriekurse\/26-01-theorie-hochsee-januar-2026-mittwoch\/#breadcrumb","itemListElement":[{"@type":"ListItem","position":1,"name":"Startseite","item":"https:\/\/lunamare.ch\/"},{"@type":"ListItem","position":2,"name":"Angebot","item":"https:\/\/lunamare.ch\/angebot\/"},{"@type":"ListItem","position":3,"name":"26\/01 Theorie Hochsee Januar 2026 Mittwoch"}]},{"@type":"WebSite","@id":"https:\/\/www.lunamare.ch\/#website","url":"https:\/\/www.lunamare.ch\/","name":"Hochsee Skipper Ausbildung Theoriekurse &amp; Meilentoerns","description":"Hochseeausbildung fuer Theorie &amp; Praxis! Meilentoerns, Skippertoerns und Familientoerns weltweit","potentialAction":[{"@type":"SearchAction","target":{"@type":"EntryPoint","urlTemplate":"https:\/\/www.lunamare.ch\/?s={search_term_string}"},"query-input":{"@type":"PropertyValueSpecification","valueRequired":true,"valueName":"search_term_string"}}],"inLanguage":"en-US"}]}},"_links":{"self":[{"href":"https:\/\/lunamare.ch\/en\/wp-json\/wp\/v2\/product\/1772","targetHints":{"allow":["GET"]}}],"collection":[{"href":"https:\/\/lunamare.ch\/en\/wp-json\/wp\/v2\/product"}],"about":[{"href":"https:\/\/lunamare.ch\/en\/wp-json\/wp\/v2\/types\/product"}],"wp:featuredmedia":[{"embeddable":true,"href":"https:\/\/lunamare.ch\/en\/wp-json\/wp\/v2\/media\/473"}],"wp:attachment":[{"href":"https:\/\/lunamare.ch\/en\/wp-json\/wp\/v2\/media?parent=1772"}],"wp:term":[{"taxonomy":"product_brand","embeddable":true,"href":"https:\/\/lunamare.ch\/en\/wp-json\/wp\/v2\/product_brand?post=1772"},{"taxonomy":"product_cat","embeddable":true,"href":"https:\/\/lunamare.ch\/en\/wp-json\/wp\/v2\/product_cat?post=1772"},{"taxonomy":"product_tag","embeddable":true,"href":"https:\/\/lunamare.ch\/en\/wp-json\/wp\/v2\/product_tag?post=1772"}],"curies":[{"name":"wp","href":"https:\/\/api.w.org\/{rel}","templated":true}]}}