{"id":1891,"date":"2024-10-29T17:24:45","date_gmt":"2024-10-29T16:24:45","guid":{"rendered":"https:\/\/lunamare.ch\/?post_type=product&#038;p=1891"},"modified":"2026-02-19T08:58:51","modified_gmt":"2026-02-19T07:58:51","slug":"kuestenscheinsbfseeschweizzuerichseefruehjahr202","status":"publish","type":"product","link":"https:\/\/lunamare.ch\/en\/angebote\/kuestenschein\/kuestenscheinsbfseeschweizzuerichseefruehjahr202\/","title":{"rendered":"K\u00fcstenschein SBF See f\u00fcr Inhaber Motorbootausweis Kat. A &#8211; 11. April 2026"},"content":{"rendered":"<div class=\"et_pb_text_inner\"><strong>Motorboot fahren auf dem Meer \/ K\u00fcste<\/strong><\/div>\n<div>\n<p><span style=\"color: #339966;\"><strong>FREIE PL\u00c4TZE!<\/strong><\/span><\/p>\n<p>Pr\u00fcfungstag: 11. April 2026<\/p>\n<p>Willst du auf dem Meer mit einem Motorboot oder einem Segelschiff die K\u00fcsten entdecken, dann ben\u00f6tigst du den K\u00fcstenschein oder den <a href=\"https:\/\/lunamare.ch\/en\/ausbildung-hochsee-skipper-ausbildung-meilentoerns-theoriekurse\/\">Offshore pass<\/a>.<\/p>\n<p>Da es in der Schweiz keinen K\u00fcstenschein gibt, k\u00f6nnen Schweizer Staatsb\u00fcrger den deutschen F\u00fchrerschein, den Sportbootf\u00fchrerschein See oder kurz SBF See, erwerben. Der Sportbootf\u00fchrerschein See ist ein amtlicher Ausweis. Er entspricht einem internationalen Bootsf\u00fchrerschein, der weltweit anerkannt wird. Der Ausweis enth\u00e4lt das internationale Zertifikat, welches seit dem Jahr 2000 als Nachweis der notwendigen fachlichen Qualifikation f\u00fcr das F\u00fchren von Schiffen im Ausland ist.<\/p>\n<p>Wenn es dein Ziel ist, in den Ferien ein Boot zu chartern oder Spass auf einem Jetski zu haben, dann kannst du ganz einfach die Pr\u00fcfung zum deutschen Sportbootf\u00fchrerschein See bei uns in der Schweiz absolvieren! Dieser K\u00fcstenschein ist international anerkannt und berechtigt zum F\u00fchren von Motorbooten und Segelschiffen, dies ohne Meilenbegrenzung. Warum? Weil f\u00fcr nicht kommerzielle Fahrten ausserhalb der 3-Seemeilen-Zone generell kein Bootsf\u00fchrerausweis erforderlich ist.<\/p>\n<p>Der K\u00fcstenschein ist nur auf dem Meer g\u00fcltig und nicht auf Binnengew\u00e4ssern. Wenn du auch in der Schweiz ein Motorboot fahren m\u00f6chtest, dann ben\u00f6tigst du zus\u00e4tzlich den schweizerischen <a href=\"https:\/\/lunasailing.ch\/motorbootfahrschulezuerichsee-bootsfahrschule-motorbootfahrenlernen\/\">Motorbootausweis Kategorie A<\/a>.<\/p>\n<p id=\"h_57665208211674222289522\"><strong>Der Weg zum K\u00fcstenschein \u00abSportbootf\u00fchrerschein See\u00bb<\/strong><\/p>\n<p>Die Theoriepr\u00fcfung f\u00fcr den K\u00fcstenschein \u00abSportbootf\u00fchrerschein See\u00bb umfasst einen Frageteil und einen Kartenteil zu folgenden Themen:<\/p>\n<ul>\n<li>Navigation<\/li>\n<li>Seemannschaft<\/li>\n<li>Kollisionsverh\u00fctungsregeln<\/li>\n<li>Seeschifffahrtsstrassen-Ordnung<\/li>\n<li>Wetterkunde<\/li>\n<li>Fahrzeugf\u00fchrer<\/li>\n<li>Umweltschutz<\/li>\n<\/ul>\n<p>An der theoretischen Pr\u00fcfung erh\u00e4ltst du aus einer Auswahl von 15 Frageb\u00f6gen einen Fragebogen mit 30 Fragen vorgelegt. Sieben der 30 Fragen sind Basisfragen, 23 Fragen sind aus dem spezifischen SBF-See-Teil. Wenn du bereits einen Sportbootf\u00fchrerschein Binnen besitzt, fallen die Basisfragen weg. Weiter musst du noch eine Navigationsaufgabe l\u00f6sen, die aus neun Teilaufgaben besteht. F\u00fcr die Bearbeitung stehen dir 60 Minuten zur Verf\u00fcgung. Ohne Basisfragen sind es 50 Minuten. Um die Pr\u00fcfung erfolgreich zu bestehen, m\u00fcssen mindestens f\u00fcnf Basisfragen und 18 spezifische SBF-See-Fragen richtig beantwortet sein. Bei der Navigationsaufgabe m\u00fcssen mindestens sieben Teilaufgaben korrekt gel\u00f6st werden. Es ist wichtig, dass bei den Navigationsaufgaben immer der komplette L\u00f6sungsweg ersichtlich ist, denn so k\u00f6nnen bei einem Folgefehler die fortf\u00fchrenden Teilaufgaben immer noch korrekt gewertet werden.<\/p>\n<p>Wenn man den Frage- oder den Navigationsteil nicht besteht, muss die gesamte Theoriepr\u00fcfung wiederholt werden.<\/p>\n<p>Die\u00a0Vorbereitung auf die Theoriepr\u00fcfung f\u00fcr den Sportbootf\u00fchrerschein See\u00a0kann problemlos\u00a0im\u00a0Selbststudium\u00a0erfolgen. Der BoatDriver-Onlinekurs wird vom\u00a0Deutschen Motoryachtverband (DMYV)\u00a0empfohlen.<\/p>\n<p>An der\u00a0praktischen Pr\u00fcfung f\u00fcr den Sportbootf\u00fchrerschein See\u00a0(K\u00fcstenschein)\u00a0m\u00fcssen folgende f\u00fcnf Pflichtman\u00f6ver gefahren werden:<\/p>\n<ul>\n<li>Ablegen<\/li>\n<li>Rettungsman\u00f6ver (Person \u00fcber Bord bzw. Boje \u00fcber Bord)<\/li>\n<li>Fahren nach Kompass<\/li>\n<li>Peilen (einfache Peilung oder Kreuzpeilung)<\/li>\n<li>Anlegen<\/li>\n<\/ul>\n<p>Ausserdem m\u00fcssen von den folgenden Wahlpflichtman\u00f6vern zwei vorgef\u00fchrt oder gefahren werden:<\/p>\n<ul>\n<li>Kursgerechtes Aufstoppen<\/li>\n<li>Fahren nach Schifffahrtszeichen<\/li>\n<li>Wenden auf engstem Raum<\/li>\n<li>Anlegen einer Rettungsweste bzw. eines Sicherheitsgurtes<\/li>\n<li>Man\u00f6verschallsignal<\/li>\n<\/ul>\n<p>Seemannsknoten<br \/>\nVon den folgenden zehn Seemannsknoten m\u00fcssen an der praktischen Pr\u00fcfung sieben vorgef\u00fchrt und dessen Verwendung erkl\u00e4rt werden. Mindestens sechs Knoten m\u00fcssen funktionieren, bei jeweils zwei Versuchen:<\/p>\n<ul>\n<li>Achterknoten (Achtknoten)<\/li>\n<li>Mastwurf oder Webeleinstek<\/li>\n<li>Stopperstek<\/li>\n<li>Kreuzknoten<\/li>\n<li>Schotstek<\/li>\n<li>Palstek<\/li>\n<li>Rundt\u00f6rn mit zwei halben Schl\u00e4gen<\/li>\n<li>Belegen an einer Klampe<\/li>\n<\/ul>\n<p><strong>Kosten der Komplettausbildung<br \/>\n<\/strong><\/p>\n<p>Die Komplettausbildung mit Vorkenntnissen (Inhaber Motorbootausweis Kat. A) kostet CHF 1&#8217;150.\u2013, wenn keine Vorkenntnisse vorhanden sind, kostet die Komplettausbildung CHF 1&#8217;750.\u2013.<\/p>\n<p><strong>Option: Internationaler Bootsf\u00fchrerschein<\/strong><\/p>\n<p>Inhaber des schweizerischen Motorbootausweises Kat. A oder Segelausweises Kat. D k\u00f6nnen optional den deutschen Sportbootf\u00fchrerschein Binnen beantragen. Der Vorteil liegt darin, dass Pr\u00fcfungsteile in der Theorie und Praxis weggelassen werden k\u00f6nnen. Der Kandidat erh\u00e4lt nach bestandener SBF-See-Pr\u00fcfung einen internationalen F\u00fchrerausweis f\u00fcr Binnen- und K\u00fcstengew\u00e4sser auf einer Ausweiskarte. Diese Option kann f\u00fcr CHF 100.\u2013 erworben werden.<\/p>\n<p data-fontsize=\"34\" data-lineheight=\"51\"><strong>Fragen und Antworten zum K\u00fcstenschein \u00abSportbootf\u00fchrerschein See\u00bb<\/strong><\/p>\n<p id=\"h_6505989921674054696748\"><strong>Wo ist der K\u00fcstenschein \u00abSportbootf\u00fchrerschein See\u00bb g\u00fcltig?<br \/>\n<\/strong>Der K\u00fcstenschein \u00abSportbootf\u00fchrerschein See\u00bb ist ein amtlicher Ausweis und entspricht einem internationalen Bootsf\u00fchrerschein, der weltweit anerkannt wird. Er enth\u00e4lt das internationale Zertifikat, welches seit dem Jahr 2000 als Nachweis der notwendigen fachlichen Qualifikation f\u00fcr das F\u00fchren von Schiffen im Ausland ist.<\/p>\n<p id=\"h_264768205221674054743926\"><strong>Darf ich mit dem K\u00fcstenschein \u00abSportbootf\u00fchrerschein See\u00bb auf dem Meer fahren?<br \/>\n<\/strong>Ja, der K\u00fcstenschein \u00abSportbootf\u00fchrerschein See\u00bb ist ein internationales Zertifikat und berechtigt zum F\u00fchren von Segel- und Motorbooten auf allen Meeren.<\/p>\n<p id=\"h_710905961311674054764054\"><strong>Kann ich mit dem K\u00fcstenschein nur Motorboote fahren?<br \/>\n<\/strong>Nein, mit dem K\u00fcstenschein \u00abSportbootf\u00fchrerschein See\u00bb d\u00fcrfen auch Segelschiffe, Jetskis und andere Boote gef\u00fchrt werden, welche nicht gewerbsm\u00e4ssig genutzt werden.<\/p>\n<p id=\"h_856404377391674054779951\"><strong>Kann ich mit dem K\u00fcstenschein \u00abSportbootf\u00fchrerschein See\u00bb auch auf Schweizer Seen fahren?<\/strong><br \/>\nNein, mit dem \u00abSportbootf\u00fchrerschein See\u00bb d\u00fcrfen keine f\u00fchrerscheinpflichtige Binnenreviere befahren werden.<\/p>\n<p id=\"h_449756228461674054802285\"><strong>Kann ein Schweizer Staatsb\u00fcrger den K\u00fcstenschein \u00abSportbootf\u00fchrerschein See\u00bb erwerben?<br \/>\n<\/strong>Ja, dies ist m\u00f6glich.<\/p>\n<p id=\"h_298267182521674054819467\"><strong>Was f\u00fcr Vorkenntnisse ben\u00f6tige ich?<br \/>\n<\/strong>Grunds\u00e4tzlich ben\u00f6tigst du keine Vorkenntnisse, wenn du mit der Ausbildung zum K\u00fcstenschein \u00abSportbootf\u00fchrerschein See\u00bb beginnst. Wenn du jedoch den schweizerischen Schiffsf\u00fchrerausweis bereits besitzt oder \u00e4hnliche Erfahrung in der Fahrpraxis aufweist, ben\u00f6tigst du f\u00fcr die Vorbereitung auf die Praxispr\u00fcfung nur ein bis drei Stunden.<\/p>\n<p id=\"h_414146174611674054840345\"><strong>Muss die Theoriepr\u00fcfung und die Praxispr\u00fcfung am selben Tag abgelegt werden?<br \/>\n<\/strong>Nein, die Theoriepr\u00fcfung kann bis zu einem Jahr vorher und einem Jahr nach der praktischen Pr\u00fcfung abgelegt werden. Wir empfehlen jedoch, die beiden Pr\u00fcfungen am selben Tag zu machen.<\/p>\n<p><strong>Kann ich die K\u00fcstenscheinausbildung machen, obwohl ich farbenblind bin?<br \/>\n<\/strong>Ja, das ist m\u00f6glich. Mit einer mittelstarken Gr\u00fcnschw\u00e4che, nicht aber einer Rotschw\u00e4che, kann man die offiziellen Anforderungen f\u00fcr den K\u00fcstenschein noch erreichen.<\/p>\n<p id=\"h_517978689651674054851383\"><strong>Was ist das Mindestalter f\u00fcr den K\u00fcstenschein \u00abSportbootf\u00fchrerschein See\u00bb?<br \/>\n<\/strong>16 Jahre<\/p>\n<\/div>\n<div class=\"et_pb_module et_pb_text et_pb_text_5 et_pb_text_align_left et_pb_bg_layout_light\">\n<div class=\"et_pb_text_inner\">\n<p><a name=\"faq\"><\/a><\/p>\n<\/div>\n<\/div>","protected":false},"excerpt":{"rendered":"<p><span style=\"color: #339966;\"><strong>FREIE PL\u00c4TZE!<\/strong><\/span><\/p>\n<p>Pr\u00fcfungstag: 11. April 2026<\/p>\n<p>Die Komplettausbildung umfasst folgende Leistungen:<\/p>\n<ul>\n<li>BOATDRIVER-Onlinekurs f\u00fcr den SBF See zum Selbststudium, inkl. Navigationsbesteck und weiterem Material (wird ihnen direkt nach Bestellung zugesandt)<\/li>\n<li>Dreist\u00fcndiges Navigationstraining mit BOATDRIVER.CH (online)<\/li>\n<li>3 Stunden Praxisunterricht mit 2 Lektionen \u00e0 90 Min. auf einem Fahrschulboot von Lunasailing oder der Yachtschule Robina mit Aussenbordantrieb<\/li>\n<li>Pr\u00fcfungsfahrt<\/li>\n<li>Komplette Pr\u00fcfungsadministration<\/li>\n<li>Amtliche Pr\u00fcfungsgeb\u00fchren von 250 CHF<\/li>\n<\/ul>\n<p><strong>IMPORTANT NOTICE:<\/strong> Folgende Punkte sind nicht im Preis inbegriffen:<br \/>\n\u2013 Option internationaler Bootsf\u00fchrerschein f\u00fcr 100 CHF<br \/>\n\u2013 Arztzeugnis \/ Attest<\/p>\n<p>Das Kursmaterial wird ihnen nach erfolgter Buchung direkt zugesandt.<\/p>\n<p>&nbsp;<\/p>","protected":false},"featured_media":1728,"template":"","meta":{"_et_pb_use_builder":"","_et_pb_old_content":"","_et_gb_content_width":""},"product_brand":[],"product_cat":[42],"product_tag":[],"class_list":{"0":"post-1891","1":"product","2":"type-product","3":"status-publish","4":"has-post-thumbnail","6":"product_cat-kuestenschein","8":"first","9":"instock","10":"virtual","11":"purchasable","12":"product-type-simple"},"yoast_head":"<!-- This site is optimized with the Yoast SEO plugin v27.3 - https:\/\/yoast.com\/product\/yoast-seo-wordpress\/ -->\n<title>K\u00fcstenschein SBF See f\u00fcr Inhaber Motorbootausweis Kat. A - 11. April 2026 - Hochsee Skipper Ausbildung Theoriekurse &amp; Meilentoerns<\/title>\n<meta name=\"robots\" content=\"index, follow, max-snippet:-1, max-image-preview:large, max-video-preview:-1\" \/>\n<link rel=\"canonical\" href=\"https:\/\/lunamare.ch\/en\/angebote\/kuestenschein\/kuestenscheinsbfseeschweizzuerichseefruehjahr202\/\" \/>\n<meta property=\"og:locale\" content=\"en_US\" \/>\n<meta property=\"og:type\" content=\"article\" \/>\n<meta property=\"og:title\" content=\"K\u00fcstenschein SBF See f\u00fcr Inhaber Motorbootausweis Kat. A - 11. April 2026 - Hochsee Skipper Ausbildung Theoriekurse &amp; Meilentoerns\" \/>\n<meta property=\"og:description\" content=\"FREIE PL\u00c4TZE!  Pr\u00fcfungstag: 11. April 2026  Die Komplettausbildung umfasst folgende Leistungen:   BOATDRIVER-Onlinekurs f\u00fcr den SBF See zum Selbststudium, inkl. Navigationsbesteck und weiterem Material (wird ihnen direkt nach Bestellung zugesandt)  Dreist\u00fcndiges Navigationstraining mit BOATDRIVER.CH (online)  3 Stunden Praxisunterricht mit 2 Lektionen \u00e0 90 Min. auf einem Fahrschulboot von Lunasailing oder der Yachtschule Robina mit Aussenbordantrieb  Pr\u00fcfungsfahrt  Komplette Pr\u00fcfungsadministration  Amtliche Pr\u00fcfungsgeb\u00fchren von 250 CHF  WICHTIGER HINWEIS: Folgende Punkte sind nicht im Preis inbegriffen: \u2013 Option internationaler Bootsf\u00fchrerschein f\u00fcr 100 CHF \u2013 Arztzeugnis \/ Attest  Das Kursmaterial wird ihnen nach erfolgter Buchung direkt zugesandt.  &nbsp;\" \/>\n<meta property=\"og:url\" content=\"https:\/\/lunamare.ch\/en\/angebote\/kuestenschein\/kuestenscheinsbfseeschweizzuerichseefruehjahr202\/\" \/>\n<meta property=\"og:site_name\" content=\"Hochsee Skipper Ausbildung Theoriekurse &amp; Meilentoerns\" \/>\n<meta property=\"article:modified_time\" content=\"2026-02-19T07:58:51+00:00\" \/>\n<meta property=\"og:image\" content=\"https:\/\/lunamare.ch\/wp-content\/uploads\/2024\/03\/IMG-20230803-WA0009.jpg\" \/>\n\t<meta property=\"og:image:width\" content=\"1200\" \/>\n\t<meta property=\"og:image:height\" content=\"1600\" \/>\n\t<meta property=\"og:image:type\" content=\"image\/jpeg\" \/>\n<meta name=\"twitter:card\" content=\"summary_large_image\" \/>\n<meta name=\"twitter:label1\" content=\"Est. reading time\" \/>\n\t<meta name=\"twitter:data1\" content=\"5 minutes\" \/>\n<script type=\"application\/ld+json\" class=\"yoast-schema-graph\">{\"@context\":\"https:\\\/\\\/schema.org\",\"@graph\":[{\"@type\":\"WebPage\",\"@id\":\"https:\\\/\\\/lunamare.ch\\\/angebote\\\/kuestenschein\\\/kuestenscheinsbfseeschweizzuerichseefruehjahr202\\\/\",\"url\":\"https:\\\/\\\/lunamare.ch\\\/angebote\\\/kuestenschein\\\/kuestenscheinsbfseeschweizzuerichseefruehjahr202\\\/\",\"name\":\"K\u00fcstenschein SBF See f\u00fcr Inhaber Motorbootausweis Kat. A - 11. April 2026 - Hochsee Skipper Ausbildung Theoriekurse &amp; Meilentoerns\",\"isPartOf\":{\"@id\":\"https:\\\/\\\/www.lunamare.ch\\\/#website\"},\"primaryImageOfPage\":{\"@id\":\"https:\\\/\\\/lunamare.ch\\\/angebote\\\/kuestenschein\\\/kuestenscheinsbfseeschweizzuerichseefruehjahr202\\\/#primaryimage\"},\"image\":{\"@id\":\"https:\\\/\\\/lunamare.ch\\\/angebote\\\/kuestenschein\\\/kuestenscheinsbfseeschweizzuerichseefruehjahr202\\\/#primaryimage\"},\"thumbnailUrl\":\"https:\\\/\\\/lunamare.ch\\\/wp-content\\\/uploads\\\/2024\\\/03\\\/IMG-20230803-WA0009.jpg\",\"datePublished\":\"2024-10-29T16:24:45+00:00\",\"dateModified\":\"2026-02-19T07:58:51+00:00\",\"breadcrumb\":{\"@id\":\"https:\\\/\\\/lunamare.ch\\\/angebote\\\/kuestenschein\\\/kuestenscheinsbfseeschweizzuerichseefruehjahr202\\\/#breadcrumb\"},\"inLanguage\":\"en-US\",\"potentialAction\":[{\"@type\":\"ReadAction\",\"target\":[\"https:\\\/\\\/lunamare.ch\\\/angebote\\\/kuestenschein\\\/kuestenscheinsbfseeschweizzuerichseefruehjahr202\\\/\"]}]},{\"@type\":\"ImageObject\",\"inLanguage\":\"en-US\",\"@id\":\"https:\\\/\\\/lunamare.ch\\\/angebote\\\/kuestenschein\\\/kuestenscheinsbfseeschweizzuerichseefruehjahr202\\\/#primaryimage\",\"url\":\"https:\\\/\\\/lunamare.ch\\\/wp-content\\\/uploads\\\/2024\\\/03\\\/IMG-20230803-WA0009.jpg\",\"contentUrl\":\"https:\\\/\\\/lunamare.ch\\\/wp-content\\\/uploads\\\/2024\\\/03\\\/IMG-20230803-WA0009.jpg\",\"width\":1200,\"height\":1600},{\"@type\":\"BreadcrumbList\",\"@id\":\"https:\\\/\\\/lunamare.ch\\\/angebote\\\/kuestenschein\\\/kuestenscheinsbfseeschweizzuerichseefruehjahr202\\\/#breadcrumb\",\"itemListElement\":[{\"@type\":\"ListItem\",\"position\":1,\"name\":\"Startseite\",\"item\":\"https:\\\/\\\/lunamare.ch\\\/\"},{\"@type\":\"ListItem\",\"position\":2,\"name\":\"Angebot\",\"item\":\"https:\\\/\\\/lunamare.ch\\\/angebot\\\/\"},{\"@type\":\"ListItem\",\"position\":3,\"name\":\"K\u00fcstenschein SBF See f\u00fcr Inhaber Motorbootausweis Kat. A &#8211; 11. April 2026\"}]},{\"@type\":\"WebSite\",\"@id\":\"https:\\\/\\\/www.lunamare.ch\\\/#website\",\"url\":\"https:\\\/\\\/www.lunamare.ch\\\/\",\"name\":\"Hochsee Skipper Ausbildung Theoriekurse &amp; Meilentoerns\",\"description\":\"Hochseeausbildung fuer Theorie &amp; Praxis! Meilentoerns, Skippertoerns und Familientoerns weltweit\",\"potentialAction\":[{\"@type\":\"SearchAction\",\"target\":{\"@type\":\"EntryPoint\",\"urlTemplate\":\"https:\\\/\\\/www.lunamare.ch\\\/?s={search_term_string}\"},\"query-input\":{\"@type\":\"PropertyValueSpecification\",\"valueRequired\":true,\"valueName\":\"search_term_string\"}}],\"inLanguage\":\"en-US\"}]}<\/script>\n<!-- \/ Yoast SEO plugin. -->","yoast_head_json":{"title":"K\u00fcstenschein SBF See f\u00fcr Inhaber Motorbootausweis Kat. A - 11. April 2026 - Hochsee Skipper Ausbildung Theoriekurse &amp; Meilentoerns","robots":{"index":"index","follow":"follow","max-snippet":"max-snippet:-1","max-image-preview":"max-image-preview:large","max-video-preview":"max-video-preview:-1"},"canonical":"https:\/\/lunamare.ch\/en\/angebote\/kuestenschein\/kuestenscheinsbfseeschweizzuerichseefruehjahr202\/","og_locale":"en_US","og_type":"article","og_title":"K\u00fcstenschein SBF See f\u00fcr Inhaber Motorbootausweis Kat. A - 11. April 2026 - Hochsee Skipper Ausbildung Theoriekurse &amp; Meilentoerns","og_description":"FREIE PL\u00c4TZE!  Pr\u00fcfungstag: 11. April 2026  Die Komplettausbildung umfasst folgende Leistungen:   BOATDRIVER-Onlinekurs f\u00fcr den SBF See zum Selbststudium, inkl. Navigationsbesteck und weiterem Material (wird ihnen direkt nach Bestellung zugesandt)  Dreist\u00fcndiges Navigationstraining mit BOATDRIVER.CH (online)  3 Stunden Praxisunterricht mit 2 Lektionen \u00e0 90 Min. auf einem Fahrschulboot von Lunasailing oder der Yachtschule Robina mit Aussenbordantrieb  Pr\u00fcfungsfahrt  Komplette Pr\u00fcfungsadministration  Amtliche Pr\u00fcfungsgeb\u00fchren von 250 CHF  WICHTIGER HINWEIS: Folgende Punkte sind nicht im Preis inbegriffen: \u2013 Option internationaler Bootsf\u00fchrerschein f\u00fcr 100 CHF \u2013 Arztzeugnis \/ Attest  Das Kursmaterial wird ihnen nach erfolgter Buchung direkt zugesandt.  &nbsp;","og_url":"https:\/\/lunamare.ch\/en\/angebote\/kuestenschein\/kuestenscheinsbfseeschweizzuerichseefruehjahr202\/","og_site_name":"Hochsee Skipper Ausbildung Theoriekurse &amp; Meilentoerns","article_modified_time":"2026-02-19T07:58:51+00:00","og_image":[{"width":1200,"height":1600,"url":"https:\/\/lunamare.ch\/wp-content\/uploads\/2024\/03\/IMG-20230803-WA0009.jpg","type":"image\/jpeg"}],"twitter_card":"summary_large_image","twitter_misc":{"Est. reading time":"5 minutes"},"schema":{"@context":"https:\/\/schema.org","@graph":[{"@type":"WebPage","@id":"https:\/\/lunamare.ch\/angebote\/kuestenschein\/kuestenscheinsbfseeschweizzuerichseefruehjahr202\/","url":"https:\/\/lunamare.ch\/angebote\/kuestenschein\/kuestenscheinsbfseeschweizzuerichseefruehjahr202\/","name":"K\u00fcstenschein SBF See f\u00fcr Inhaber Motorbootausweis Kat. A - 11. April 2026 - Hochsee Skipper Ausbildung Theoriekurse &amp; Meilentoerns","isPartOf":{"@id":"https:\/\/www.lunamare.ch\/#website"},"primaryImageOfPage":{"@id":"https:\/\/lunamare.ch\/angebote\/kuestenschein\/kuestenscheinsbfseeschweizzuerichseefruehjahr202\/#primaryimage"},"image":{"@id":"https:\/\/lunamare.ch\/angebote\/kuestenschein\/kuestenscheinsbfseeschweizzuerichseefruehjahr202\/#primaryimage"},"thumbnailUrl":"https:\/\/lunamare.ch\/wp-content\/uploads\/2024\/03\/IMG-20230803-WA0009.jpg","datePublished":"2024-10-29T16:24:45+00:00","dateModified":"2026-02-19T07:58:51+00:00","breadcrumb":{"@id":"https:\/\/lunamare.ch\/angebote\/kuestenschein\/kuestenscheinsbfseeschweizzuerichseefruehjahr202\/#breadcrumb"},"inLanguage":"en-US","potentialAction":[{"@type":"ReadAction","target":["https:\/\/lunamare.ch\/angebote\/kuestenschein\/kuestenscheinsbfseeschweizzuerichseefruehjahr202\/"]}]},{"@type":"ImageObject","inLanguage":"en-US","@id":"https:\/\/lunamare.ch\/angebote\/kuestenschein\/kuestenscheinsbfseeschweizzuerichseefruehjahr202\/#primaryimage","url":"https:\/\/lunamare.ch\/wp-content\/uploads\/2024\/03\/IMG-20230803-WA0009.jpg","contentUrl":"https:\/\/lunamare.ch\/wp-content\/uploads\/2024\/03\/IMG-20230803-WA0009.jpg","width":1200,"height":1600},{"@type":"BreadcrumbList","@id":"https:\/\/lunamare.ch\/angebote\/kuestenschein\/kuestenscheinsbfseeschweizzuerichseefruehjahr202\/#breadcrumb","itemListElement":[{"@type":"ListItem","position":1,"name":"Startseite","item":"https:\/\/lunamare.ch\/"},{"@type":"ListItem","position":2,"name":"Angebot","item":"https:\/\/lunamare.ch\/angebot\/"},{"@type":"ListItem","position":3,"name":"K\u00fcstenschein SBF See f\u00fcr Inhaber Motorbootausweis Kat. A &#8211; 11. April 2026"}]},{"@type":"WebSite","@id":"https:\/\/www.lunamare.ch\/#website","url":"https:\/\/www.lunamare.ch\/","name":"Hochsee Skipper Ausbildung Theoriekurse &amp; Meilentoerns","description":"Hochseeausbildung fuer Theorie &amp; Praxis! Meilentoerns, Skippertoerns und Familientoerns weltweit","potentialAction":[{"@type":"SearchAction","target":{"@type":"EntryPoint","urlTemplate":"https:\/\/www.lunamare.ch\/?s={search_term_string}"},"query-input":{"@type":"PropertyValueSpecification","valueRequired":true,"valueName":"search_term_string"}}],"inLanguage":"en-US"}]}},"_links":{"self":[{"href":"https:\/\/lunamare.ch\/en\/wp-json\/wp\/v2\/product\/1891","targetHints":{"allow":["GET"]}}],"collection":[{"href":"https:\/\/lunamare.ch\/en\/wp-json\/wp\/v2\/product"}],"about":[{"href":"https:\/\/lunamare.ch\/en\/wp-json\/wp\/v2\/types\/product"}],"wp:featuredmedia":[{"embeddable":true,"href":"https:\/\/lunamare.ch\/en\/wp-json\/wp\/v2\/media\/1728"}],"wp:attachment":[{"href":"https:\/\/lunamare.ch\/en\/wp-json\/wp\/v2\/media?parent=1891"}],"wp:term":[{"taxonomy":"product_brand","embeddable":true,"href":"https:\/\/lunamare.ch\/en\/wp-json\/wp\/v2\/product_brand?post=1891"},{"taxonomy":"product_cat","embeddable":true,"href":"https:\/\/lunamare.ch\/en\/wp-json\/wp\/v2\/product_cat?post=1891"},{"taxonomy":"product_tag","embeddable":true,"href":"https:\/\/lunamare.ch\/en\/wp-json\/wp\/v2\/product_tag?post=1891"}],"curies":[{"name":"wp","href":"https:\/\/api.w.org\/{rel}","templated":true}]}}