{"id":1901,"date":"2024-11-15T12:10:25","date_gmt":"2024-11-15T11:10:25","guid":{"rendered":"https:\/\/lunamare.ch\/?post_type=product&#038;p=1901"},"modified":"2025-11-27T17:38:08","modified_gmt":"2025-11-27T16:38:08","slug":"kanarische-inseln-2-14-21-2-26","status":"publish","type":"product","link":"https:\/\/lunamare.ch\/en\/angebote\/toerns\/kanarische-inseln-2-14-21-2-26\/","title":{"rendered":"Kanarische Inseln 2: 21.-28. Februar 2026"},"content":{"rendered":"<p><strong>Segelt\u00f6rn ab Teneriffa \u2013 Marina del Sur<\/strong><\/p>\n<p>Die Kanaren wurden schon in der Antike die \u201eInseln der Gl\u00fcckseligen\u201c genannt \u2013 mit ganzj\u00e4hrig mildem Klima, abwechslungsreicher Landschaft und beeindruckender Atlantikkulisse.<\/p>\n<p><strong>Unser T\u00f6rn startet und endet in der Marina del Sur auf Teneriffa.<\/strong>\u00a0Von hier aus bieten sich ideale Routen nach La Gomera, La Palma, El Hierro oder Gran Canaria an. Je nach Wetterlage und W\u00fcnschen der Crew gestalten wir eine ausgewogene Mischung aus Man\u00f6vertraining, Meilensammeln und Erlebnissen an Land.<\/p>\n<p>Skipper Thomas beschreibt das Revier so:<br \/>\n\u201eDie Gew\u00e4sser rund um Teneriffa sind ein Traum f\u00fcr Seefahrer \u2013 stabile Passatwinde, modernes Marina-Netz, eindrucksvolle K\u00fcsten, abwechslungsreiche Natur und hervorragende kanarische K\u00fcche.\u201c<\/p>\n<p><strong>Highlights des T\u00f6rns:<\/strong><\/p>\n<ul>\n<li>Ganzj\u00e4hrig angenehme Temperaturen und stabile Passatwindbedingungen<\/li>\n<li>Spektakul\u00e4re Aussicht entlang der Steilk\u00fcste von Los Gigantes<\/li>\n<li>La Gomera mit seiner entspannten Atmosph\u00e4re und der Marina San Sebasti\u00e1n<\/li>\n<li>La Palma mit imposanter Vulkanlandschaft und charmanten K\u00fcstenorten<\/li>\n<li>El Hierro als abgelegenste und authentischste Insel des Archipels<\/li>\n<li>Las Palmas de Gran Canaria \u2013 lebendige Hafenstadt mit viel Flair, guter Marina und vielf\u00e4ltigen Ausflugsm\u00f6glichkeiten<\/li>\n<\/ul>\n<p>Wir verbringen die Woche gemeinsam an Bord und \u00fcbernachten \u2013 je nach Tagesziel und Bedingungen \u2013 in gesch\u00fctzten Buchten oder komfortablen Marinas. Trotz des Schwerpunktes auf dem Segeln bleibt Zeit f\u00fcr Landausfl\u00fcge und Badepausen.<\/p>\n<p>Der genaue T\u00f6rnplan wird vor Ort festgelegt. In der Woche rechnen wir mit ca. 200\u2013250 Seemeilen, die selbstverst\u00e4ndlich f\u00fcr den Meilennachweis genutzt werden k\u00f6nnen. Ob wir Nachtschl\u00e4ge einbauen, entscheidet die Crew gemeinsam.<\/p>\n<p>Hast du Fragen zum T\u00f6rn? Melde dich gerne \u00fcber das Kontaktformular, per E-Mail oder telefonisch. Wir freuen uns auf dich!<\/p>","protected":false},"excerpt":{"rendered":"<p><span style=\"color: #333399;\"><strong>Auf Anfrage<\/strong><\/span><\/p>","protected":false},"featured_media":1927,"template":"","meta":{"_et_pb_use_builder":"","_et_pb_old_content":"","_et_gb_content_width":""},"product_brand":[],"product_cat":[25],"product_tag":[],"class_list":{"0":"post-1901","1":"product","2":"type-product","3":"status-publish","4":"has-post-thumbnail","6":"product_cat-toerns","8":"first","9":"instock","10":"featured","11":"virtual","12":"purchasable","13":"product-type-simple"},"yoast_head":"<!-- This site is optimized with the Yoast SEO plugin v27.3 - https:\/\/yoast.com\/product\/yoast-seo-wordpress\/ -->\n<title>Kanarische Inseln 2: 21.-28. Februar 2026 - Hochsee Skipper Ausbildung Theoriekurse &amp; Meilentoerns<\/title>\n<meta name=\"robots\" content=\"index, follow, max-snippet:-1, max-image-preview:large, max-video-preview:-1\" \/>\n<link rel=\"canonical\" href=\"https:\/\/lunamare.ch\/en\/angebote\/toerns\/kanarische-inseln-2-14-21-2-26\/\" \/>\n<meta property=\"og:locale\" content=\"en_US\" \/>\n<meta property=\"og:type\" content=\"article\" \/>\n<meta property=\"og:title\" content=\"Kanarische Inseln 2: 21.-28. Februar 2026 - Hochsee Skipper Ausbildung Theoriekurse &amp; Meilentoerns\" \/>\n<meta property=\"og:description\" content=\"Auf Anfrage\" \/>\n<meta property=\"og:url\" content=\"https:\/\/lunamare.ch\/en\/angebote\/toerns\/kanarische-inseln-2-14-21-2-26\/\" \/>\n<meta property=\"og:site_name\" content=\"Hochsee Skipper Ausbildung Theoriekurse &amp; Meilentoerns\" \/>\n<meta property=\"article:modified_time\" content=\"2025-11-27T16:38:08+00:00\" \/>\n<meta property=\"og:image\" content=\"https:\/\/lunamare.ch\/wp-content\/uploads\/2024\/11\/isladelobos.jpg\" \/>\n\t<meta property=\"og:image:width\" content=\"1800\" \/>\n\t<meta property=\"og:image:height\" content=\"1011\" \/>\n\t<meta property=\"og:image:type\" content=\"image\/jpeg\" \/>\n<meta name=\"twitter:card\" content=\"summary_large_image\" \/>\n<meta name=\"twitter:label1\" content=\"Est. reading time\" \/>\n\t<meta name=\"twitter:data1\" content=\"2 minutes\" \/>\n<script type=\"application\/ld+json\" class=\"yoast-schema-graph\">{\"@context\":\"https:\\\/\\\/schema.org\",\"@graph\":[{\"@type\":\"WebPage\",\"@id\":\"https:\\\/\\\/lunamare.ch\\\/angebote\\\/toerns\\\/kanarische-inseln-2-14-21-2-26\\\/\",\"url\":\"https:\\\/\\\/lunamare.ch\\\/angebote\\\/toerns\\\/kanarische-inseln-2-14-21-2-26\\\/\",\"name\":\"Kanarische Inseln 2: 21.-28. Februar 2026 - Hochsee Skipper Ausbildung Theoriekurse &amp; Meilentoerns\",\"isPartOf\":{\"@id\":\"https:\\\/\\\/www.lunamare.ch\\\/#website\"},\"primaryImageOfPage\":{\"@id\":\"https:\\\/\\\/lunamare.ch\\\/angebote\\\/toerns\\\/kanarische-inseln-2-14-21-2-26\\\/#primaryimage\"},\"image\":{\"@id\":\"https:\\\/\\\/lunamare.ch\\\/angebote\\\/toerns\\\/kanarische-inseln-2-14-21-2-26\\\/#primaryimage\"},\"thumbnailUrl\":\"https:\\\/\\\/lunamare.ch\\\/wp-content\\\/uploads\\\/2024\\\/11\\\/isladelobos.jpg\",\"datePublished\":\"2024-11-15T11:10:25+00:00\",\"dateModified\":\"2025-11-27T16:38:08+00:00\",\"breadcrumb\":{\"@id\":\"https:\\\/\\\/lunamare.ch\\\/angebote\\\/toerns\\\/kanarische-inseln-2-14-21-2-26\\\/#breadcrumb\"},\"inLanguage\":\"en-US\",\"potentialAction\":[{\"@type\":\"ReadAction\",\"target\":[\"https:\\\/\\\/lunamare.ch\\\/angebote\\\/toerns\\\/kanarische-inseln-2-14-21-2-26\\\/\"]}]},{\"@type\":\"ImageObject\",\"inLanguage\":\"en-US\",\"@id\":\"https:\\\/\\\/lunamare.ch\\\/angebote\\\/toerns\\\/kanarische-inseln-2-14-21-2-26\\\/#primaryimage\",\"url\":\"https:\\\/\\\/lunamare.ch\\\/wp-content\\\/uploads\\\/2024\\\/11\\\/isladelobos.jpg\",\"contentUrl\":\"https:\\\/\\\/lunamare.ch\\\/wp-content\\\/uploads\\\/2024\\\/11\\\/isladelobos.jpg\",\"width\":1800,\"height\":1011},{\"@type\":\"BreadcrumbList\",\"@id\":\"https:\\\/\\\/lunamare.ch\\\/angebote\\\/toerns\\\/kanarische-inseln-2-14-21-2-26\\\/#breadcrumb\",\"itemListElement\":[{\"@type\":\"ListItem\",\"position\":1,\"name\":\"Startseite\",\"item\":\"https:\\\/\\\/lunamare.ch\\\/\"},{\"@type\":\"ListItem\",\"position\":2,\"name\":\"Angebot\",\"item\":\"https:\\\/\\\/lunamare.ch\\\/angebot\\\/\"},{\"@type\":\"ListItem\",\"position\":3,\"name\":\"Kanarische Inseln 2: 21.-28. Februar 2026\"}]},{\"@type\":\"WebSite\",\"@id\":\"https:\\\/\\\/www.lunamare.ch\\\/#website\",\"url\":\"https:\\\/\\\/www.lunamare.ch\\\/\",\"name\":\"Hochsee Skipper Ausbildung Theoriekurse &amp; Meilentoerns\",\"description\":\"Hochseeausbildung fuer Theorie &amp; Praxis! Meilentoerns, Skippertoerns und Familientoerns weltweit\",\"potentialAction\":[{\"@type\":\"SearchAction\",\"target\":{\"@type\":\"EntryPoint\",\"urlTemplate\":\"https:\\\/\\\/www.lunamare.ch\\\/?s={search_term_string}\"},\"query-input\":{\"@type\":\"PropertyValueSpecification\",\"valueRequired\":true,\"valueName\":\"search_term_string\"}}],\"inLanguage\":\"en-US\"}]}<\/script>\n<!-- \/ Yoast SEO plugin. -->","yoast_head_json":{"title":"Kanarische Inseln 2: 21.-28. Februar 2026 - Hochsee Skipper Ausbildung Theoriekurse &amp; Meilentoerns","robots":{"index":"index","follow":"follow","max-snippet":"max-snippet:-1","max-image-preview":"max-image-preview:large","max-video-preview":"max-video-preview:-1"},"canonical":"https:\/\/lunamare.ch\/en\/angebote\/toerns\/kanarische-inseln-2-14-21-2-26\/","og_locale":"en_US","og_type":"article","og_title":"Kanarische Inseln 2: 21.-28. Februar 2026 - Hochsee Skipper Ausbildung Theoriekurse &amp; Meilentoerns","og_description":"Auf Anfrage","og_url":"https:\/\/lunamare.ch\/en\/angebote\/toerns\/kanarische-inseln-2-14-21-2-26\/","og_site_name":"Hochsee Skipper Ausbildung Theoriekurse &amp; Meilentoerns","article_modified_time":"2025-11-27T16:38:08+00:00","og_image":[{"width":1800,"height":1011,"url":"https:\/\/lunamare.ch\/wp-content\/uploads\/2024\/11\/isladelobos.jpg","type":"image\/jpeg"}],"twitter_card":"summary_large_image","twitter_misc":{"Est. reading time":"2 minutes"},"schema":{"@context":"https:\/\/schema.org","@graph":[{"@type":"WebPage","@id":"https:\/\/lunamare.ch\/angebote\/toerns\/kanarische-inseln-2-14-21-2-26\/","url":"https:\/\/lunamare.ch\/angebote\/toerns\/kanarische-inseln-2-14-21-2-26\/","name":"Kanarische Inseln 2: 21.-28. Februar 2026 - Hochsee Skipper Ausbildung Theoriekurse &amp; Meilentoerns","isPartOf":{"@id":"https:\/\/www.lunamare.ch\/#website"},"primaryImageOfPage":{"@id":"https:\/\/lunamare.ch\/angebote\/toerns\/kanarische-inseln-2-14-21-2-26\/#primaryimage"},"image":{"@id":"https:\/\/lunamare.ch\/angebote\/toerns\/kanarische-inseln-2-14-21-2-26\/#primaryimage"},"thumbnailUrl":"https:\/\/lunamare.ch\/wp-content\/uploads\/2024\/11\/isladelobos.jpg","datePublished":"2024-11-15T11:10:25+00:00","dateModified":"2025-11-27T16:38:08+00:00","breadcrumb":{"@id":"https:\/\/lunamare.ch\/angebote\/toerns\/kanarische-inseln-2-14-21-2-26\/#breadcrumb"},"inLanguage":"en-US","potentialAction":[{"@type":"ReadAction","target":["https:\/\/lunamare.ch\/angebote\/toerns\/kanarische-inseln-2-14-21-2-26\/"]}]},{"@type":"ImageObject","inLanguage":"en-US","@id":"https:\/\/lunamare.ch\/angebote\/toerns\/kanarische-inseln-2-14-21-2-26\/#primaryimage","url":"https:\/\/lunamare.ch\/wp-content\/uploads\/2024\/11\/isladelobos.jpg","contentUrl":"https:\/\/lunamare.ch\/wp-content\/uploads\/2024\/11\/isladelobos.jpg","width":1800,"height":1011},{"@type":"BreadcrumbList","@id":"https:\/\/lunamare.ch\/angebote\/toerns\/kanarische-inseln-2-14-21-2-26\/#breadcrumb","itemListElement":[{"@type":"ListItem","position":1,"name":"Startseite","item":"https:\/\/lunamare.ch\/"},{"@type":"ListItem","position":2,"name":"Angebot","item":"https:\/\/lunamare.ch\/angebot\/"},{"@type":"ListItem","position":3,"name":"Kanarische Inseln 2: 21.-28. Februar 2026"}]},{"@type":"WebSite","@id":"https:\/\/www.lunamare.ch\/#website","url":"https:\/\/www.lunamare.ch\/","name":"Hochsee Skipper Ausbildung Theoriekurse &amp; Meilentoerns","description":"Hochseeausbildung fuer Theorie &amp; Praxis! Meilentoerns, Skippertoerns und Familientoerns weltweit","potentialAction":[{"@type":"SearchAction","target":{"@type":"EntryPoint","urlTemplate":"https:\/\/www.lunamare.ch\/?s={search_term_string}"},"query-input":{"@type":"PropertyValueSpecification","valueRequired":true,"valueName":"search_term_string"}}],"inLanguage":"en-US"}]}},"_links":{"self":[{"href":"https:\/\/lunamare.ch\/en\/wp-json\/wp\/v2\/product\/1901","targetHints":{"allow":["GET"]}}],"collection":[{"href":"https:\/\/lunamare.ch\/en\/wp-json\/wp\/v2\/product"}],"about":[{"href":"https:\/\/lunamare.ch\/en\/wp-json\/wp\/v2\/types\/product"}],"wp:featuredmedia":[{"embeddable":true,"href":"https:\/\/lunamare.ch\/en\/wp-json\/wp\/v2\/media\/1927"}],"wp:attachment":[{"href":"https:\/\/lunamare.ch\/en\/wp-json\/wp\/v2\/media?parent=1901"}],"wp:term":[{"taxonomy":"product_brand","embeddable":true,"href":"https:\/\/lunamare.ch\/en\/wp-json\/wp\/v2\/product_brand?post=1901"},{"taxonomy":"product_cat","embeddable":true,"href":"https:\/\/lunamare.ch\/en\/wp-json\/wp\/v2\/product_cat?post=1901"},{"taxonomy":"product_tag","embeddable":true,"href":"https:\/\/lunamare.ch\/en\/wp-json\/wp\/v2\/product_tag?post=1901"}],"curies":[{"name":"wp","href":"https:\/\/api.w.org\/{rel}","templated":true}]}}