{"id":2035,"date":"2025-12-05T14:26:10","date_gmt":"2025-12-05T13:26:10","guid":{"rendered":"https:\/\/lunamare.ch\/?post_type=product&#038;p=2035"},"modified":"2026-01-29T16:15:21","modified_gmt":"2026-01-29T15:15:21","slug":"segeln-intensivkurs-wochenende-15-18-mai-2026","status":"publish","type":"product","link":"https:\/\/lunamare.ch\/en\/angebote\/angebot-segelschule\/segeln-intensivkurse\/segeln-intensivkurs-wochenende\/segeln-intensivkurs-wochenende-15-18-mai-2026\/","title":{"rendered":"Robina &#038; LUNA &#8211; Segeln Intensivkurs Wochenende &#8211; 15.-18. Mai 2026"},"content":{"rendered":"<p><strong>Kursdaten<br \/>\n<\/strong>Freitag 15. Mai 2026 bis Montag 18. Mai 2026.<\/p>\n<p><strong>Durchf\u00fchrungszeiten<br \/>\n<\/strong>T\u00e4glich, jeweils von 8:00 bis 17:30 Uhr.<\/p>\n<p><strong>Standort Kurs und Schulschiff<br \/>\n<\/strong>Der Intensivkurs startet jeweils im Hafen Seerose in Z\u00fcrich Wollishofen.<\/p>\n<p><strong>Lernumfang &amp; Aufbau<\/strong><\/p>\n<ul>\n<li>Entspricht ca. 16 Lektionen \u00e0 2 Stunden (inkl. Pausen)<\/li>\n<li>Klar strukturierter Unterricht mit direkt aufeinander aufbauenden Lektionen<\/li>\n<\/ul>\n<p><strong>Lernen im Intensivformat<\/strong><\/p>\n<ul>\n<li>Kontinuierlicher Wissensaufbau ohne lange Lernpausen<\/li>\n<li>Inhalte bleiben pr\u00e4sent und k\u00f6nnen sofort angewendet werden<\/li>\n<li>Die kompakte Kursform erm\u00f6glicht einen effizienten Lernfortschritt und kann den insgesamt ben\u00f6tigten Unterrichtsumfang im Vergleich zu zeitlich auseinanderliegenden Lektionen reduzieren<\/li>\n<\/ul>\n<p><strong>Teilnehmerzahl<\/strong><\/p>\n<ul>\n<li>Durchf\u00fchrung ab 1 Teilnehmer pro gebuchtem Intensivkurs<\/li>\n<li>Maximal 3 Teilnehmer pro Kurs<\/li>\n<\/ul>\n<p><strong>Voraussetzungen<\/strong><\/p>\n<ul>\n<li>Theoriepr\u00fcfung bereits bestanden (Siehe <a href=\"https:\/\/robina-bootsschule.ch\/ablauf-ausbildung-kapitaen\/\" target=\"_blank\" rel=\"noopener\">Leitfaden &#8222;So werde ich Kapit\u00e4n&#8220;<\/a>)<\/li>\n<li>Vorkenntnisse des Segelns sind von Vorteil<\/li>\n<li>Zulassung zur Pr\u00fcfung ist ab 14 Jahren m\u00f6glich<\/li>\n<\/ul>\n<p><strong>Ziel<br \/>\n<\/strong>Erfolgreiche Vorbereitung auf die Segelpr\u00fcfung Kategorie D.<\/p>\n<p><strong>Im Kurspreis inbegriffen<\/strong><\/p>\n<ul>\n<li>Probelektion vor Kursbeginn zum Kennenlernen des Teams und des Pr\u00fcfungsschiffs sowie f\u00fcr die Abgabe des Kursmaterials<\/li>\n<li>Effizientes und intensives Lernen des Segelns w\u00e4hrend 4 vollen Kurstagen mit unseren langj\u00e4hrig erfahrenen Instruktoren<\/li>\n<li>Training auf dem <a href=\"https:\/\/robina-bootsschule.ch\/segelschule-segelkurs\/#schulschiff-segeln\">wohl besten Schul-Segelschiff auf dem Z\u00fcrichsee<\/a><\/li>\n<li>Moderne und laufend aktualisierte Schulungsunterlagen<\/li>\n<li>Zugang zu unserem Onlineportal mit Videos von s\u00e4mtlichen Man\u00f6vern<\/li>\n<\/ul>\n<p><strong>Nicht inbegriffen<\/strong><\/p>\n<ul>\n<li>Pr\u00fcfungsgeb\u00fchr Theoriepr\u00fcfung 45.- CHF<\/li>\n<li>Versicherungsbeitrag 90.- CHF<\/li>\n<li>Pr\u00fcfungsgeb\u00fchren praktische Pr\u00fcfung 120.- CHF<\/li>\n<li>Einsegeln am Pr\u00fcfungstag 70.- CHF<\/li>\n<\/ul>\n<p><strong>Wichtige Informationen<\/strong><\/p>\n<ul>\n<li>Der Intensivkurs bereitet gezielt auf die Pr\u00fcfung vor<\/li>\n<li>Eine Garantie f\u00fcr das Erreichen der Pr\u00fcfungsreife am Kursende kann nicht gegeben werden, da der Lernerfolg vom individuellen Lernfortschritt abh\u00e4ngt<\/li>\n<li>Der Intensivkurs stellt hohe Anforderungen an Konzentrationsf\u00e4higkeit und k\u00f6rperliche Ausdauer<br \/>\nF\u00fcr Personen, die lieber in k\u00fcrzeren Einheiten lernen, ist ein weniger intensives, individuelles Kursformat unter Umst\u00e4nden besser geeignet<\/li>\n<li>Parkpl\u00e4tze und gute \u00d6V Anbindung sind am Kursstandort vorhanden.<\/li>\n<\/ul>","protected":false},"excerpt":{"rendered":"<p>Kursdaten Freitag 15. Mai 2026 bis Montag 18. Mai 2026. Durchf\u00fchrungszeiten T\u00e4glich, jeweils von 8:00 bis 17:30 Uhr. Standort Kurs und Schulschiff Der Intensivkurs startet jeweils im Hafen Seerose in Z\u00fcrich Wollishofen. Lernumfang &amp; Aufbau Entspricht ca. 16 Lektionen \u00e0 2 Stunden (inkl. Pausen) Klar strukturierter Unterricht mit direkt aufeinander aufbauenden Lektionen Lernen im Intensivformat [&hellip;]<\/p>\n","protected":false},"featured_media":2028,"template":"","meta":{"_et_pb_use_builder":"","_et_pb_old_content":"","_et_gb_content_width":""},"product_brand":[],"product_cat":[44],"product_tag":[],"class_list":{"0":"post-2035","1":"product","2":"type-product","3":"status-publish","4":"has-post-thumbnail","6":"product_cat-segeln-intensivkurs-wochenende","8":"first","9":"instock","10":"virtual","11":"purchasable","12":"product-type-simple"},"yoast_head":"<!-- This site is optimized with the Yoast SEO plugin v27.3 - https:\/\/yoast.com\/product\/yoast-seo-wordpress\/ -->\n<title>Robina &amp; LUNA - Segeln Intensivkurs Wochenende - 15.-18. Mai 2026<\/title>\n<meta name=\"description\" content=\"Lernen Sie das Segeln in unserem Intensivkurs Wochenende vom Freitag 15. Mai 2026 bis am Montag 18. Mai 2026 ab Hafen Seerose Z\u00fcrich Wollishofen.\" \/>\n<meta name=\"robots\" content=\"index, follow, max-snippet:-1, max-image-preview:large, max-video-preview:-1\" \/>\n<link rel=\"canonical\" href=\"https:\/\/lunamare.ch\/en\/angebote\/angebot-segelschule\/segeln-intensivkurse\/segeln-intensivkurs-wochenende\/segeln-intensivkurs-wochenende-15-18-mai-2026\/\" \/>\n<meta property=\"og:locale\" content=\"en_US\" \/>\n<meta property=\"og:type\" content=\"article\" \/>\n<meta property=\"og:title\" content=\"Robina &amp; LUNA - Segeln Intensivkurs Wochenende - 15.-18. Mai 2026\" \/>\n<meta property=\"og:description\" content=\"Lernen Sie das Segeln in unserem Intensivkurs Wochenende vom Freitag 15. Mai 2026 bis am Montag 18. Mai 2026 ab Hafen Seerose Z\u00fcrich Wollishofen.\" \/>\n<meta property=\"og:url\" content=\"https:\/\/lunamare.ch\/en\/angebote\/angebot-segelschule\/segeln-intensivkurse\/segeln-intensivkurs-wochenende\/segeln-intensivkurs-wochenende-15-18-mai-2026\/\" \/>\n<meta property=\"og:site_name\" content=\"Hochsee Skipper Ausbildung Theoriekurse &amp; Meilentoerns\" \/>\n<meta property=\"article:modified_time\" content=\"2026-01-29T15:15:21+00:00\" \/>\n<meta property=\"og:image\" content=\"https:\/\/lunamare.ch\/wp-content\/uploads\/2025\/12\/Robina-Bootsschule-Segeln-Intensivkurs.webp\" \/>\n\t<meta property=\"og:image:width\" content=\"1920\" \/>\n\t<meta property=\"og:image:height\" content=\"1438\" \/>\n\t<meta property=\"og:image:type\" content=\"image\/webp\" \/>\n<meta name=\"twitter:card\" content=\"summary_large_image\" \/>\n<meta name=\"twitter:label1\" content=\"Est. reading time\" \/>\n\t<meta name=\"twitter:data1\" content=\"2 minutes\" \/>\n<script type=\"application\/ld+json\" class=\"yoast-schema-graph\">{\"@context\":\"https:\\\/\\\/schema.org\",\"@graph\":[{\"@type\":\"WebPage\",\"@id\":\"https:\\\/\\\/lunamare.ch\\\/angebote\\\/angebot-segelschule\\\/segeln-intensivkurse\\\/segeln-intensivkurs-wochenende\\\/segeln-intensivkurs-wochenende-15-18-mai-2026\\\/\",\"url\":\"https:\\\/\\\/lunamare.ch\\\/angebote\\\/angebot-segelschule\\\/segeln-intensivkurse\\\/segeln-intensivkurs-wochenende\\\/segeln-intensivkurs-wochenende-15-18-mai-2026\\\/\",\"name\":\"Robina & LUNA - Segeln Intensivkurs Wochenende - 15.-18. Mai 2026\",\"isPartOf\":{\"@id\":\"https:\\\/\\\/www.lunamare.ch\\\/#website\"},\"primaryImageOfPage\":{\"@id\":\"https:\\\/\\\/lunamare.ch\\\/angebote\\\/angebot-segelschule\\\/segeln-intensivkurse\\\/segeln-intensivkurs-wochenende\\\/segeln-intensivkurs-wochenende-15-18-mai-2026\\\/#primaryimage\"},\"image\":{\"@id\":\"https:\\\/\\\/lunamare.ch\\\/angebote\\\/angebot-segelschule\\\/segeln-intensivkurse\\\/segeln-intensivkurs-wochenende\\\/segeln-intensivkurs-wochenende-15-18-mai-2026\\\/#primaryimage\"},\"thumbnailUrl\":\"https:\\\/\\\/lunamare.ch\\\/wp-content\\\/uploads\\\/2025\\\/12\\\/Robina-Bootsschule-Segeln-Intensivkurs.webp\",\"datePublished\":\"2025-12-05T13:26:10+00:00\",\"dateModified\":\"2026-01-29T15:15:21+00:00\",\"description\":\"Lernen Sie das Segeln in unserem Intensivkurs Wochenende vom Freitag 15. Mai 2026 bis am Montag 18. Mai 2026 ab Hafen Seerose Z\u00fcrich Wollishofen.\",\"breadcrumb\":{\"@id\":\"https:\\\/\\\/lunamare.ch\\\/angebote\\\/angebot-segelschule\\\/segeln-intensivkurse\\\/segeln-intensivkurs-wochenende\\\/segeln-intensivkurs-wochenende-15-18-mai-2026\\\/#breadcrumb\"},\"inLanguage\":\"en-US\",\"potentialAction\":[{\"@type\":\"ReadAction\",\"target\":[\"https:\\\/\\\/lunamare.ch\\\/angebote\\\/angebot-segelschule\\\/segeln-intensivkurse\\\/segeln-intensivkurs-wochenende\\\/segeln-intensivkurs-wochenende-15-18-mai-2026\\\/\"]}]},{\"@type\":\"ImageObject\",\"inLanguage\":\"en-US\",\"@id\":\"https:\\\/\\\/lunamare.ch\\\/angebote\\\/angebot-segelschule\\\/segeln-intensivkurse\\\/segeln-intensivkurs-wochenende\\\/segeln-intensivkurs-wochenende-15-18-mai-2026\\\/#primaryimage\",\"url\":\"https:\\\/\\\/lunamare.ch\\\/wp-content\\\/uploads\\\/2025\\\/12\\\/Robina-Bootsschule-Segeln-Intensivkurs.webp\",\"contentUrl\":\"https:\\\/\\\/lunamare.ch\\\/wp-content\\\/uploads\\\/2025\\\/12\\\/Robina-Bootsschule-Segeln-Intensivkurs.webp\",\"width\":1920,\"height\":1438,\"caption\":\"Segeln Intensivkurs Wochenende\"},{\"@type\":\"BreadcrumbList\",\"@id\":\"https:\\\/\\\/lunamare.ch\\\/angebote\\\/angebot-segelschule\\\/segeln-intensivkurse\\\/segeln-intensivkurs-wochenende\\\/segeln-intensivkurs-wochenende-15-18-mai-2026\\\/#breadcrumb\",\"itemListElement\":[{\"@type\":\"ListItem\",\"position\":1,\"name\":\"Startseite\",\"item\":\"https:\\\/\\\/lunamare.ch\\\/\"},{\"@type\":\"ListItem\",\"position\":2,\"name\":\"Angebot\",\"item\":\"https:\\\/\\\/lunamare.ch\\\/angebot\\\/\"},{\"@type\":\"ListItem\",\"position\":3,\"name\":\"Robina &#038; LUNA &#8211; Segeln Intensivkurs Wochenende &#8211; 15.-18. Mai 2026\"}]},{\"@type\":\"WebSite\",\"@id\":\"https:\\\/\\\/www.lunamare.ch\\\/#website\",\"url\":\"https:\\\/\\\/www.lunamare.ch\\\/\",\"name\":\"Hochsee Skipper Ausbildung Theoriekurse &amp; Meilentoerns\",\"description\":\"Hochseeausbildung fuer Theorie &amp; Praxis! Meilentoerns, Skippertoerns und Familientoerns weltweit\",\"potentialAction\":[{\"@type\":\"SearchAction\",\"target\":{\"@type\":\"EntryPoint\",\"urlTemplate\":\"https:\\\/\\\/www.lunamare.ch\\\/?s={search_term_string}\"},\"query-input\":{\"@type\":\"PropertyValueSpecification\",\"valueRequired\":true,\"valueName\":\"search_term_string\"}}],\"inLanguage\":\"en-US\"}]}<\/script>\n<!-- \/ Yoast SEO plugin. -->","yoast_head_json":{"title":"Robina & LUNA - Segeln Intensivkurs Wochenende - 15.-18. Mai 2026","description":"Lernen Sie das Segeln in unserem Intensivkurs Wochenende vom Freitag 15. Mai 2026 bis am Montag 18. Mai 2026 ab Hafen Seerose Z\u00fcrich Wollishofen.","robots":{"index":"index","follow":"follow","max-snippet":"max-snippet:-1","max-image-preview":"max-image-preview:large","max-video-preview":"max-video-preview:-1"},"canonical":"https:\/\/lunamare.ch\/en\/angebote\/angebot-segelschule\/segeln-intensivkurse\/segeln-intensivkurs-wochenende\/segeln-intensivkurs-wochenende-15-18-mai-2026\/","og_locale":"en_US","og_type":"article","og_title":"Robina & LUNA - Segeln Intensivkurs Wochenende - 15.-18. Mai 2026","og_description":"Lernen Sie das Segeln in unserem Intensivkurs Wochenende vom Freitag 15. Mai 2026 bis am Montag 18. Mai 2026 ab Hafen Seerose Z\u00fcrich Wollishofen.","og_url":"https:\/\/lunamare.ch\/en\/angebote\/angebot-segelschule\/segeln-intensivkurse\/segeln-intensivkurs-wochenende\/segeln-intensivkurs-wochenende-15-18-mai-2026\/","og_site_name":"Hochsee Skipper Ausbildung Theoriekurse &amp; Meilentoerns","article_modified_time":"2026-01-29T15:15:21+00:00","og_image":[{"width":1920,"height":1438,"url":"https:\/\/lunamare.ch\/wp-content\/uploads\/2025\/12\/Robina-Bootsschule-Segeln-Intensivkurs.webp","type":"image\/webp"}],"twitter_card":"summary_large_image","twitter_misc":{"Est. reading time":"2 minutes"},"schema":{"@context":"https:\/\/schema.org","@graph":[{"@type":"WebPage","@id":"https:\/\/lunamare.ch\/angebote\/angebot-segelschule\/segeln-intensivkurse\/segeln-intensivkurs-wochenende\/segeln-intensivkurs-wochenende-15-18-mai-2026\/","url":"https:\/\/lunamare.ch\/angebote\/angebot-segelschule\/segeln-intensivkurse\/segeln-intensivkurs-wochenende\/segeln-intensivkurs-wochenende-15-18-mai-2026\/","name":"Robina & LUNA - Segeln Intensivkurs Wochenende - 15.-18. Mai 2026","isPartOf":{"@id":"https:\/\/www.lunamare.ch\/#website"},"primaryImageOfPage":{"@id":"https:\/\/lunamare.ch\/angebote\/angebot-segelschule\/segeln-intensivkurse\/segeln-intensivkurs-wochenende\/segeln-intensivkurs-wochenende-15-18-mai-2026\/#primaryimage"},"image":{"@id":"https:\/\/lunamare.ch\/angebote\/angebot-segelschule\/segeln-intensivkurse\/segeln-intensivkurs-wochenende\/segeln-intensivkurs-wochenende-15-18-mai-2026\/#primaryimage"},"thumbnailUrl":"https:\/\/lunamare.ch\/wp-content\/uploads\/2025\/12\/Robina-Bootsschule-Segeln-Intensivkurs.webp","datePublished":"2025-12-05T13:26:10+00:00","dateModified":"2026-01-29T15:15:21+00:00","description":"Lernen Sie das Segeln in unserem Intensivkurs Wochenende vom Freitag 15. Mai 2026 bis am Montag 18. Mai 2026 ab Hafen Seerose Z\u00fcrich Wollishofen.","breadcrumb":{"@id":"https:\/\/lunamare.ch\/angebote\/angebot-segelschule\/segeln-intensivkurse\/segeln-intensivkurs-wochenende\/segeln-intensivkurs-wochenende-15-18-mai-2026\/#breadcrumb"},"inLanguage":"en-US","potentialAction":[{"@type":"ReadAction","target":["https:\/\/lunamare.ch\/angebote\/angebot-segelschule\/segeln-intensivkurse\/segeln-intensivkurs-wochenende\/segeln-intensivkurs-wochenende-15-18-mai-2026\/"]}]},{"@type":"ImageObject","inLanguage":"en-US","@id":"https:\/\/lunamare.ch\/angebote\/angebot-segelschule\/segeln-intensivkurse\/segeln-intensivkurs-wochenende\/segeln-intensivkurs-wochenende-15-18-mai-2026\/#primaryimage","url":"https:\/\/lunamare.ch\/wp-content\/uploads\/2025\/12\/Robina-Bootsschule-Segeln-Intensivkurs.webp","contentUrl":"https:\/\/lunamare.ch\/wp-content\/uploads\/2025\/12\/Robina-Bootsschule-Segeln-Intensivkurs.webp","width":1920,"height":1438,"caption":"Segeln Intensivkurs Wochenende"},{"@type":"BreadcrumbList","@id":"https:\/\/lunamare.ch\/angebote\/angebot-segelschule\/segeln-intensivkurse\/segeln-intensivkurs-wochenende\/segeln-intensivkurs-wochenende-15-18-mai-2026\/#breadcrumb","itemListElement":[{"@type":"ListItem","position":1,"name":"Startseite","item":"https:\/\/lunamare.ch\/"},{"@type":"ListItem","position":2,"name":"Angebot","item":"https:\/\/lunamare.ch\/angebot\/"},{"@type":"ListItem","position":3,"name":"Robina &#038; LUNA &#8211; Segeln Intensivkurs Wochenende &#8211; 15.-18. Mai 2026"}]},{"@type":"WebSite","@id":"https:\/\/www.lunamare.ch\/#website","url":"https:\/\/www.lunamare.ch\/","name":"Hochsee Skipper Ausbildung Theoriekurse &amp; Meilentoerns","description":"Hochseeausbildung fuer Theorie &amp; Praxis! Meilentoerns, Skippertoerns und Familientoerns weltweit","potentialAction":[{"@type":"SearchAction","target":{"@type":"EntryPoint","urlTemplate":"https:\/\/www.lunamare.ch\/?s={search_term_string}"},"query-input":{"@type":"PropertyValueSpecification","valueRequired":true,"valueName":"search_term_string"}}],"inLanguage":"en-US"}]}},"_links":{"self":[{"href":"https:\/\/lunamare.ch\/en\/wp-json\/wp\/v2\/product\/2035","targetHints":{"allow":["GET"]}}],"collection":[{"href":"https:\/\/lunamare.ch\/en\/wp-json\/wp\/v2\/product"}],"about":[{"href":"https:\/\/lunamare.ch\/en\/wp-json\/wp\/v2\/types\/product"}],"wp:featuredmedia":[{"embeddable":true,"href":"https:\/\/lunamare.ch\/en\/wp-json\/wp\/v2\/media\/2028"}],"wp:attachment":[{"href":"https:\/\/lunamare.ch\/en\/wp-json\/wp\/v2\/media?parent=2035"}],"wp:term":[{"taxonomy":"product_brand","embeddable":true,"href":"https:\/\/lunamare.ch\/en\/wp-json\/wp\/v2\/product_brand?post=2035"},{"taxonomy":"product_cat","embeddable":true,"href":"https:\/\/lunamare.ch\/en\/wp-json\/wp\/v2\/product_cat?post=2035"},{"taxonomy":"product_tag","embeddable":true,"href":"https:\/\/lunamare.ch\/en\/wp-json\/wp\/v2\/product_tag?post=2035"}],"curies":[{"name":"wp","href":"https:\/\/api.w.org\/{rel}","templated":true}]}}