{"id":2060,"date":"2025-12-08T13:29:03","date_gmt":"2025-12-08T12:29:03","guid":{"rendered":"https:\/\/lunamare.ch\/?post_type=product&#038;p=2060"},"modified":"2025-12-10T16:16:22","modified_gmt":"2025-12-10T15:16:22","slug":"gutschein-fuer-3-motorbootlektionen","status":"publish","type":"product","link":"https:\/\/lunamare.ch\/en\/angebote\/gutscheine\/gutscheine-motorboot-fahrschule\/gutschein-fuer-3-motorbootlektionen\/","title":{"rendered":"Robina Bootsschule &#8211; Gutschein f\u00fcr 3 Motorbootlektionen"},"content":{"rendered":"<h1 style=\"text-align: left;\">Verschenke Seeluft, Freiheit und Action in Einem<\/h1>\n<p style=\"text-align: left;\"><b>Verschenke drei Lektionen \u00e0 1.5 Stunden f\u00fcr Motorbootunterricht. Das ideale Geschenk f\u00fcr ein einmaliges Erlebnis auf dem Z\u00fcrichsee und den Einstieg in die Motorbootausbildung Kategorie A.<\/b><\/p>","protected":false},"excerpt":{"rendered":"<p>Verschenke Seeluft, Freiheit und Action in Einem Verschenke drei Lektionen \u00e0 1.5 Stunden f\u00fcr Motorbootunterricht. Das ideale Geschenk f\u00fcr ein einmaliges Erlebnis auf dem Z\u00fcrichsee und den Einstieg in die Motorbootausbildung Kategorie A.<\/p>","protected":false},"featured_media":2043,"template":"","meta":{"_et_pb_use_builder":"","_et_pb_old_content":"","_et_gb_content_width":""},"product_brand":[],"product_cat":[46,49],"product_tag":[],"class_list":{"0":"post-2060","1":"product","2":"type-product","3":"status-publish","4":"has-post-thumbnail","6":"product_cat-gutscheine","7":"product_cat-gutscheine-motorboot-fahrschule","9":"first","10":"instock","11":"virtual","12":"purchasable","13":"product-type-simple"},"yoast_head":"<!-- This site is optimized with the Yoast SEO plugin v27.3 - https:\/\/yoast.com\/product\/yoast-seo-wordpress\/ -->\n<title>Robina Bootsschule - Gutschein f\u00fcr 3 Motorbootlektionen - Hochsee Skipper Ausbildung Theoriekurse &amp; Meilentoerns<\/title>\n<meta name=\"description\" content=\"Verschenke drei Lektionen \u00e0 1.5 Stunden f\u00fcr Motorbootunterricht. Das ideale Geschenk f\u00fcr den Einstieg in die Motorbootausbildung Kategorie A.\" \/>\n<meta name=\"robots\" content=\"index, follow, max-snippet:-1, max-image-preview:large, max-video-preview:-1\" \/>\n<link rel=\"canonical\" href=\"https:\/\/lunamare.ch\/en\/angebote\/gutscheine\/gutscheine-motorboot-fahrschule\/gutschein-fuer-3-motorbootlektionen\/\" \/>\n<meta property=\"og:locale\" content=\"en_US\" \/>\n<meta property=\"og:type\" content=\"article\" \/>\n<meta property=\"og:title\" content=\"Robina Bootsschule - Gutschein f\u00fcr 3 Motorbootlektionen - Hochsee Skipper Ausbildung Theoriekurse &amp; Meilentoerns\" \/>\n<meta property=\"og:description\" content=\"Verschenke drei Lektionen \u00e0 1.5 Stunden f\u00fcr Motorbootunterricht. Das ideale Geschenk f\u00fcr den Einstieg in die Motorbootausbildung Kategorie A.\" \/>\n<meta property=\"og:url\" content=\"https:\/\/lunamare.ch\/en\/angebote\/gutscheine\/gutscheine-motorboot-fahrschule\/gutschein-fuer-3-motorbootlektionen\/\" \/>\n<meta property=\"og:site_name\" content=\"Hochsee Skipper Ausbildung Theoriekurse &amp; Meilentoerns\" \/>\n<meta property=\"article:modified_time\" content=\"2025-12-10T15:16:22+00:00\" \/>\n<meta property=\"og:image\" content=\"https:\/\/lunamare.ch\/wp-content\/uploads\/2025\/12\/hero_gutschein.webp\" \/>\n\t<meta property=\"og:image:width\" content=\"1920\" \/>\n\t<meta property=\"og:image:height\" content=\"1080\" \/>\n\t<meta property=\"og:image:type\" content=\"image\/webp\" \/>\n<meta name=\"twitter:card\" content=\"summary_large_image\" \/>\n<meta name=\"twitter:label1\" content=\"Est. reading time\" \/>\n\t<meta name=\"twitter:data1\" content=\"1 minute\" \/>\n<script type=\"application\/ld+json\" class=\"yoast-schema-graph\">{\"@context\":\"https:\\\/\\\/schema.org\",\"@graph\":[{\"@type\":\"WebPage\",\"@id\":\"https:\\\/\\\/lunamare.ch\\\/angebote\\\/gutscheine\\\/gutscheine-motorboot-fahrschule\\\/gutschein-fuer-3-motorbootlektionen\\\/\",\"url\":\"https:\\\/\\\/lunamare.ch\\\/angebote\\\/gutscheine\\\/gutscheine-motorboot-fahrschule\\\/gutschein-fuer-3-motorbootlektionen\\\/\",\"name\":\"Robina Bootsschule - Gutschein f\u00fcr 3 Motorbootlektionen - Hochsee Skipper Ausbildung Theoriekurse &amp; Meilentoerns\",\"isPartOf\":{\"@id\":\"https:\\\/\\\/www.lunamare.ch\\\/#website\"},\"primaryImageOfPage\":{\"@id\":\"https:\\\/\\\/lunamare.ch\\\/angebote\\\/gutscheine\\\/gutscheine-motorboot-fahrschule\\\/gutschein-fuer-3-motorbootlektionen\\\/#primaryimage\"},\"image\":{\"@id\":\"https:\\\/\\\/lunamare.ch\\\/angebote\\\/gutscheine\\\/gutscheine-motorboot-fahrschule\\\/gutschein-fuer-3-motorbootlektionen\\\/#primaryimage\"},\"thumbnailUrl\":\"https:\\\/\\\/lunamare.ch\\\/wp-content\\\/uploads\\\/2025\\\/12\\\/hero_gutschein.webp\",\"datePublished\":\"2025-12-08T12:29:03+00:00\",\"dateModified\":\"2025-12-10T15:16:22+00:00\",\"description\":\"Verschenke drei Lektionen \u00e0 1.5 Stunden f\u00fcr Motorbootunterricht. Das ideale Geschenk f\u00fcr den Einstieg in die Motorbootausbildung Kategorie A.\",\"breadcrumb\":{\"@id\":\"https:\\\/\\\/lunamare.ch\\\/angebote\\\/gutscheine\\\/gutscheine-motorboot-fahrschule\\\/gutschein-fuer-3-motorbootlektionen\\\/#breadcrumb\"},\"inLanguage\":\"en-US\",\"potentialAction\":[{\"@type\":\"ReadAction\",\"target\":[\"https:\\\/\\\/lunamare.ch\\\/angebote\\\/gutscheine\\\/gutscheine-motorboot-fahrschule\\\/gutschein-fuer-3-motorbootlektionen\\\/\"]}]},{\"@type\":\"ImageObject\",\"inLanguage\":\"en-US\",\"@id\":\"https:\\\/\\\/lunamare.ch\\\/angebote\\\/gutscheine\\\/gutscheine-motorboot-fahrschule\\\/gutschein-fuer-3-motorbootlektionen\\\/#primaryimage\",\"url\":\"https:\\\/\\\/lunamare.ch\\\/wp-content\\\/uploads\\\/2025\\\/12\\\/hero_gutschein.webp\",\"contentUrl\":\"https:\\\/\\\/lunamare.ch\\\/wp-content\\\/uploads\\\/2025\\\/12\\\/hero_gutschein.webp\",\"width\":1920,\"height\":1080,\"caption\":\"Gutschein Schnupperlektion Motorboot\"},{\"@type\":\"BreadcrumbList\",\"@id\":\"https:\\\/\\\/lunamare.ch\\\/angebote\\\/gutscheine\\\/gutscheine-motorboot-fahrschule\\\/gutschein-fuer-3-motorbootlektionen\\\/#breadcrumb\",\"itemListElement\":[{\"@type\":\"ListItem\",\"position\":1,\"name\":\"Startseite\",\"item\":\"https:\\\/\\\/lunamare.ch\\\/\"},{\"@type\":\"ListItem\",\"position\":2,\"name\":\"Angebot\",\"item\":\"https:\\\/\\\/lunamare.ch\\\/angebot\\\/\"},{\"@type\":\"ListItem\",\"position\":3,\"name\":\"Robina Bootsschule &#8211; Gutschein f\u00fcr 3 Motorbootlektionen\"}]},{\"@type\":\"WebSite\",\"@id\":\"https:\\\/\\\/www.lunamare.ch\\\/#website\",\"url\":\"https:\\\/\\\/www.lunamare.ch\\\/\",\"name\":\"Hochsee Skipper Ausbildung Theoriekurse &amp; Meilentoerns\",\"description\":\"Hochseeausbildung fuer Theorie &amp; Praxis! Meilentoerns, Skippertoerns und Familientoerns weltweit\",\"potentialAction\":[{\"@type\":\"SearchAction\",\"target\":{\"@type\":\"EntryPoint\",\"urlTemplate\":\"https:\\\/\\\/www.lunamare.ch\\\/?s={search_term_string}\"},\"query-input\":{\"@type\":\"PropertyValueSpecification\",\"valueRequired\":true,\"valueName\":\"search_term_string\"}}],\"inLanguage\":\"en-US\"}]}<\/script>\n<!-- \/ Yoast SEO plugin. -->","yoast_head_json":{"title":"Robina Bootsschule - Gutschein f\u00fcr 3 Motorbootlektionen - Hochsee Skipper Ausbildung Theoriekurse &amp; Meilentoerns","description":"Verschenke drei Lektionen \u00e0 1.5 Stunden f\u00fcr Motorbootunterricht. Das ideale Geschenk f\u00fcr den Einstieg in die Motorbootausbildung Kategorie A.","robots":{"index":"index","follow":"follow","max-snippet":"max-snippet:-1","max-image-preview":"max-image-preview:large","max-video-preview":"max-video-preview:-1"},"canonical":"https:\/\/lunamare.ch\/en\/angebote\/gutscheine\/gutscheine-motorboot-fahrschule\/gutschein-fuer-3-motorbootlektionen\/","og_locale":"en_US","og_type":"article","og_title":"Robina Bootsschule - Gutschein f\u00fcr 3 Motorbootlektionen - Hochsee Skipper Ausbildung Theoriekurse &amp; Meilentoerns","og_description":"Verschenke drei Lektionen \u00e0 1.5 Stunden f\u00fcr Motorbootunterricht. Das ideale Geschenk f\u00fcr den Einstieg in die Motorbootausbildung Kategorie A.","og_url":"https:\/\/lunamare.ch\/en\/angebote\/gutscheine\/gutscheine-motorboot-fahrschule\/gutschein-fuer-3-motorbootlektionen\/","og_site_name":"Hochsee Skipper Ausbildung Theoriekurse &amp; Meilentoerns","article_modified_time":"2025-12-10T15:16:22+00:00","og_image":[{"width":1920,"height":1080,"url":"https:\/\/lunamare.ch\/wp-content\/uploads\/2025\/12\/hero_gutschein.webp","type":"image\/webp"}],"twitter_card":"summary_large_image","twitter_misc":{"Est. reading time":"1 minute"},"schema":{"@context":"https:\/\/schema.org","@graph":[{"@type":"WebPage","@id":"https:\/\/lunamare.ch\/angebote\/gutscheine\/gutscheine-motorboot-fahrschule\/gutschein-fuer-3-motorbootlektionen\/","url":"https:\/\/lunamare.ch\/angebote\/gutscheine\/gutscheine-motorboot-fahrschule\/gutschein-fuer-3-motorbootlektionen\/","name":"Robina Bootsschule - Gutschein f\u00fcr 3 Motorbootlektionen - Hochsee Skipper Ausbildung Theoriekurse &amp; Meilentoerns","isPartOf":{"@id":"https:\/\/www.lunamare.ch\/#website"},"primaryImageOfPage":{"@id":"https:\/\/lunamare.ch\/angebote\/gutscheine\/gutscheine-motorboot-fahrschule\/gutschein-fuer-3-motorbootlektionen\/#primaryimage"},"image":{"@id":"https:\/\/lunamare.ch\/angebote\/gutscheine\/gutscheine-motorboot-fahrschule\/gutschein-fuer-3-motorbootlektionen\/#primaryimage"},"thumbnailUrl":"https:\/\/lunamare.ch\/wp-content\/uploads\/2025\/12\/hero_gutschein.webp","datePublished":"2025-12-08T12:29:03+00:00","dateModified":"2025-12-10T15:16:22+00:00","description":"Verschenke drei Lektionen \u00e0 1.5 Stunden f\u00fcr Motorbootunterricht. Das ideale Geschenk f\u00fcr den Einstieg in die Motorbootausbildung Kategorie A.","breadcrumb":{"@id":"https:\/\/lunamare.ch\/angebote\/gutscheine\/gutscheine-motorboot-fahrschule\/gutschein-fuer-3-motorbootlektionen\/#breadcrumb"},"inLanguage":"en-US","potentialAction":[{"@type":"ReadAction","target":["https:\/\/lunamare.ch\/angebote\/gutscheine\/gutscheine-motorboot-fahrschule\/gutschein-fuer-3-motorbootlektionen\/"]}]},{"@type":"ImageObject","inLanguage":"en-US","@id":"https:\/\/lunamare.ch\/angebote\/gutscheine\/gutscheine-motorboot-fahrschule\/gutschein-fuer-3-motorbootlektionen\/#primaryimage","url":"https:\/\/lunamare.ch\/wp-content\/uploads\/2025\/12\/hero_gutschein.webp","contentUrl":"https:\/\/lunamare.ch\/wp-content\/uploads\/2025\/12\/hero_gutschein.webp","width":1920,"height":1080,"caption":"Gutschein Schnupperlektion Motorboot"},{"@type":"BreadcrumbList","@id":"https:\/\/lunamare.ch\/angebote\/gutscheine\/gutscheine-motorboot-fahrschule\/gutschein-fuer-3-motorbootlektionen\/#breadcrumb","itemListElement":[{"@type":"ListItem","position":1,"name":"Startseite","item":"https:\/\/lunamare.ch\/"},{"@type":"ListItem","position":2,"name":"Angebot","item":"https:\/\/lunamare.ch\/angebot\/"},{"@type":"ListItem","position":3,"name":"Robina Bootsschule &#8211; Gutschein f\u00fcr 3 Motorbootlektionen"}]},{"@type":"WebSite","@id":"https:\/\/www.lunamare.ch\/#website","url":"https:\/\/www.lunamare.ch\/","name":"Hochsee Skipper Ausbildung Theoriekurse &amp; Meilentoerns","description":"Hochseeausbildung fuer Theorie &amp; Praxis! Meilentoerns, Skippertoerns und Familientoerns weltweit","potentialAction":[{"@type":"SearchAction","target":{"@type":"EntryPoint","urlTemplate":"https:\/\/www.lunamare.ch\/?s={search_term_string}"},"query-input":{"@type":"PropertyValueSpecification","valueRequired":true,"valueName":"search_term_string"}}],"inLanguage":"en-US"}]}},"_links":{"self":[{"href":"https:\/\/lunamare.ch\/en\/wp-json\/wp\/v2\/product\/2060","targetHints":{"allow":["GET"]}}],"collection":[{"href":"https:\/\/lunamare.ch\/en\/wp-json\/wp\/v2\/product"}],"about":[{"href":"https:\/\/lunamare.ch\/en\/wp-json\/wp\/v2\/types\/product"}],"wp:featuredmedia":[{"embeddable":true,"href":"https:\/\/lunamare.ch\/en\/wp-json\/wp\/v2\/media\/2043"}],"wp:attachment":[{"href":"https:\/\/lunamare.ch\/en\/wp-json\/wp\/v2\/media?parent=2060"}],"wp:term":[{"taxonomy":"product_brand","embeddable":true,"href":"https:\/\/lunamare.ch\/en\/wp-json\/wp\/v2\/product_brand?post=2060"},{"taxonomy":"product_cat","embeddable":true,"href":"https:\/\/lunamare.ch\/en\/wp-json\/wp\/v2\/product_cat?post=2060"},{"taxonomy":"product_tag","embeddable":true,"href":"https:\/\/lunamare.ch\/en\/wp-json\/wp\/v2\/product_tag?post=2060"}],"curies":[{"name":"wp","href":"https:\/\/api.w.org\/{rel}","templated":true}]}}