{"id":2080,"date":"2025-12-17T14:01:17","date_gmt":"2025-12-17T13:01:17","guid":{"rendered":"https:\/\/lunamare.ch\/?post_type=product&#038;p=2080"},"modified":"2025-12-17T14:23:50","modified_gmt":"2025-12-17T13:23:50","slug":"robina-bootsschule-5-tages-motorboot-intensivkurs","status":"publish","type":"product","link":"https:\/\/lunamare.ch\/en\/angebote\/angebot-motorboot-fahrschule\/motorboot-intensivkurse\/robina-bootsschule-5-tages-motorboot-intensivkurs\/","title":{"rendered":"Robina Bootsschule &#8211; 5-Tages Motorboot Intensivkurs"},"content":{"rendered":"<p><strong>Kursdaten<br \/>\n<\/strong>Nach Wahl, bitte nimm mit uns Kontakt auf, um die Daten zu koordinieren.<\/p>\n<p><strong>Durchf\u00fchrungszeiten<br \/>\n<\/strong>T\u00e4glich, jeweils von 8:00 bis 17:00 Uhr.<\/p>\n<p><strong>Standort Kurs und Schulschiff<br \/>\n<\/strong>Der Intensivkurs startet jeweils im Hafen Seerose in Z\u00fcrich Wollishofen, am Hafen Tiefenbrunnen oder am Hafen Bausch\u00e4nzli.<\/p>\n<p><strong>Voraussetzungen<\/strong><\/p>\n<ul>\n<li>Theoriepr\u00fcfung bereits bestanden (Siehe <a href=\"https:\/\/robina-bootsschule.ch\/ablauf-ausbildung-kapitaen\/\" target=\"_blank\" rel=\"noopener\">Leitfaden &#8222;So werde ich Kapit\u00e4n&#8220;<\/a>)<\/li>\n<li>Vorkenntnisse des Motorboot Fahrens sind von Vorteil<\/li>\n<li>Zulassung zur Pr\u00fcfung ist ab 18 Jahren m\u00f6glich<\/li>\n<\/ul>\n<p><strong>Ziel<br \/>\n<\/strong>Erfolgreiche Vorbereitung auf die Motorbootpr\u00fcfung Kategorie A.<\/p>\n<p><strong>Im Kurspreis inbegriffen<\/strong><\/p>\n<ul>\n<li>Probelektion vor Kursbeginn zum Kennenlernen des Teams und des Pr\u00fcfungsschiffs sowie f\u00fcr die Abgabe des Kursmaterials<\/li>\n<li>Effizientes und intensives Lernen des Motorboot Fahrens w\u00e4hrend 5 vollen Kurstagen mit unseren langj\u00e4hrig erfahrenen Instruktoren<\/li>\n<li>Training auf unserem perfekt f\u00fcr alle H\u00e4fen geeigneten, beheiztem und geschlossenem <a href=\"https:\/\/robina-bootsschule.ch\/motorboot-fahrschule-intensivkurs\/#schulschiff-mobo-intensiv\">Schulmotorboot<\/a><\/li>\n<li>Moderne und laufend aktualisierte Schulungsunterlagen<\/li>\n<li>Zugang zu unserem Onlineportal mit Videos von s\u00e4mtlichen Man\u00f6vern<\/li>\n<\/ul>\n<p><strong>Nicht inbegriffen<\/strong><\/p>\n<ul>\n<li>Pr\u00fcfungsgeb\u00fchr Theoriepr\u00fcfung 45.- CHF<\/li>\n<li>Versicherungsbeitrag 90.- CHF<\/li>\n<li>Pr\u00fcfungsgeb\u00fchren praktische Pr\u00fcfung 120.- CHF<\/li>\n<li>Einfahren am Pr\u00fcfungstag 130.- CHF<\/li>\n<\/ul>\n<p><strong>Weitere Informationen<\/strong><br \/>\nParkpl\u00e4tze und gute \u00d6V Anbindung sind am Kursstandort vorhanden.<\/p>","protected":false},"excerpt":{"rendered":"<p>Kursdaten Nach Wahl, bitte nimm mit uns Kontakt auf, um die Daten zu koordinieren. Durchf\u00fchrungszeiten T\u00e4glich, jeweils von 8:00 bis 17:00 Uhr. Standort Kurs und Schulschiff Der Intensivkurs startet jeweils im Hafen Seerose in Z\u00fcrich Wollishofen, am Hafen Tiefenbrunnen oder am Hafen Bausch\u00e4nzli. Voraussetzungen Theoriepr\u00fcfung bereits bestanden (Siehe Leitfaden &#8222;So werde ich Kapit\u00e4n&#8220;) Vorkenntnisse des [&hellip;]<\/p>\n","protected":false},"featured_media":2079,"template":"","meta":{"_et_pb_use_builder":"","_et_pb_old_content":"","_et_gb_content_width":""},"product_brand":[],"product_cat":[53],"product_tag":[],"class_list":{"0":"post-2080","1":"product","2":"type-product","3":"status-publish","4":"has-post-thumbnail","6":"product_cat-motorboot-intensivkurse","8":"first","9":"instock","10":"virtual","11":"purchasable","12":"product-type-simple"},"yoast_head":"<!-- This site is optimized with the Yoast SEO plugin v27.3 - https:\/\/yoast.com\/product\/yoast-seo-wordpress\/ -->\n<title>Robina Bootsschule - 5-Tages Motorboot Intensivkurs<\/title>\n<meta name=\"description\" content=\"Lernen Sie das Segeln in unserem Intensivkurs Wochenende vom Montag 5. Oktober 2026 bis Freitag 9. Oktober 2026 ab Hafen Seerose Z\u00fcrich Wollishofen.\" \/>\n<meta name=\"robots\" content=\"index, follow, max-snippet:-1, max-image-preview:large, max-video-preview:-1\" \/>\n<link rel=\"canonical\" href=\"https:\/\/lunamare.ch\/en\/angebote\/angebot-motorboot-fahrschule\/motorboot-intensivkurse\/robina-bootsschule-5-tages-motorboot-intensivkurs\/\" \/>\n<meta property=\"og:locale\" content=\"en_US\" \/>\n<meta property=\"og:type\" content=\"article\" \/>\n<meta property=\"og:title\" content=\"Robina Bootsschule - 5-Tages Motorboot Intensivkurs\" \/>\n<meta property=\"og:description\" content=\"Lernen Sie das Segeln in unserem Intensivkurs Wochenende vom Montag 5. Oktober 2026 bis Freitag 9. Oktober 2026 ab Hafen Seerose Z\u00fcrich Wollishofen.\" \/>\n<meta property=\"og:url\" content=\"https:\/\/lunamare.ch\/en\/angebote\/angebot-motorboot-fahrschule\/motorboot-intensivkurse\/robina-bootsschule-5-tages-motorboot-intensivkurs\/\" \/>\n<meta property=\"og:site_name\" content=\"Hochsee Skipper Ausbildung Theoriekurse &amp; Meilentoerns\" \/>\n<meta property=\"article:modified_time\" content=\"2025-12-17T13:23:50+00:00\" \/>\n<meta property=\"og:image\" content=\"https:\/\/lunamare.ch\/wp-content\/uploads\/2025\/12\/bootsschule.jpg\" \/>\n\t<meta property=\"og:image:width\" content=\"1440\" \/>\n\t<meta property=\"og:image:height\" content=\"1920\" \/>\n\t<meta property=\"og:image:type\" content=\"image\/jpeg\" \/>\n<meta name=\"twitter:card\" content=\"summary_large_image\" \/>\n<meta name=\"twitter:label1\" content=\"Est. reading time\" \/>\n\t<meta name=\"twitter:data1\" content=\"2 minutes\" \/>\n<script type=\"application\/ld+json\" class=\"yoast-schema-graph\">{\"@context\":\"https:\\\/\\\/schema.org\",\"@graph\":[{\"@type\":\"WebPage\",\"@id\":\"https:\\\/\\\/lunamare.ch\\\/angebote\\\/angebot-motorboot-fahrschule\\\/motorboot-intensivkurse\\\/robina-bootsschule-5-tages-motorboot-intensivkurs\\\/\",\"url\":\"https:\\\/\\\/lunamare.ch\\\/angebote\\\/angebot-motorboot-fahrschule\\\/motorboot-intensivkurse\\\/robina-bootsschule-5-tages-motorboot-intensivkurs\\\/\",\"name\":\"Robina Bootsschule - 5-Tages Motorboot Intensivkurs\",\"isPartOf\":{\"@id\":\"https:\\\/\\\/www.lunamare.ch\\\/#website\"},\"primaryImageOfPage\":{\"@id\":\"https:\\\/\\\/lunamare.ch\\\/angebote\\\/angebot-motorboot-fahrschule\\\/motorboot-intensivkurse\\\/robina-bootsschule-5-tages-motorboot-intensivkurs\\\/#primaryimage\"},\"image\":{\"@id\":\"https:\\\/\\\/lunamare.ch\\\/angebote\\\/angebot-motorboot-fahrschule\\\/motorboot-intensivkurse\\\/robina-bootsschule-5-tages-motorboot-intensivkurs\\\/#primaryimage\"},\"thumbnailUrl\":\"https:\\\/\\\/lunamare.ch\\\/wp-content\\\/uploads\\\/2025\\\/12\\\/bootsschule.jpg\",\"datePublished\":\"2025-12-17T13:01:17+00:00\",\"dateModified\":\"2025-12-17T13:23:50+00:00\",\"description\":\"Lernen Sie das Segeln in unserem Intensivkurs Wochenende vom Montag 5. Oktober 2026 bis Freitag 9. Oktober 2026 ab Hafen Seerose Z\u00fcrich Wollishofen.\",\"breadcrumb\":{\"@id\":\"https:\\\/\\\/lunamare.ch\\\/angebote\\\/angebot-motorboot-fahrschule\\\/motorboot-intensivkurse\\\/robina-bootsschule-5-tages-motorboot-intensivkurs\\\/#breadcrumb\"},\"inLanguage\":\"en-US\",\"potentialAction\":[{\"@type\":\"ReadAction\",\"target\":[\"https:\\\/\\\/lunamare.ch\\\/angebote\\\/angebot-motorboot-fahrschule\\\/motorboot-intensivkurse\\\/robina-bootsschule-5-tages-motorboot-intensivkurs\\\/\"]}]},{\"@type\":\"ImageObject\",\"inLanguage\":\"en-US\",\"@id\":\"https:\\\/\\\/lunamare.ch\\\/angebote\\\/angebot-motorboot-fahrschule\\\/motorboot-intensivkurse\\\/robina-bootsschule-5-tages-motorboot-intensivkurs\\\/#primaryimage\",\"url\":\"https:\\\/\\\/lunamare.ch\\\/wp-content\\\/uploads\\\/2025\\\/12\\\/bootsschule.jpg\",\"contentUrl\":\"https:\\\/\\\/lunamare.ch\\\/wp-content\\\/uploads\\\/2025\\\/12\\\/bootsschule.jpg\",\"width\":1440,\"height\":1920,\"caption\":\"Intensivkurs Motorboot Fahrschule\"},{\"@type\":\"BreadcrumbList\",\"@id\":\"https:\\\/\\\/lunamare.ch\\\/angebote\\\/angebot-motorboot-fahrschule\\\/motorboot-intensivkurse\\\/robina-bootsschule-5-tages-motorboot-intensivkurs\\\/#breadcrumb\",\"itemListElement\":[{\"@type\":\"ListItem\",\"position\":1,\"name\":\"Startseite\",\"item\":\"https:\\\/\\\/lunamare.ch\\\/\"},{\"@type\":\"ListItem\",\"position\":2,\"name\":\"Angebot\",\"item\":\"https:\\\/\\\/lunamare.ch\\\/angebot\\\/\"},{\"@type\":\"ListItem\",\"position\":3,\"name\":\"Robina Bootsschule &#8211; 5-Tages Motorboot Intensivkurs\"}]},{\"@type\":\"WebSite\",\"@id\":\"https:\\\/\\\/www.lunamare.ch\\\/#website\",\"url\":\"https:\\\/\\\/www.lunamare.ch\\\/\",\"name\":\"Hochsee Skipper Ausbildung Theoriekurse &amp; Meilentoerns\",\"description\":\"Hochseeausbildung fuer Theorie &amp; Praxis! Meilentoerns, Skippertoerns und Familientoerns weltweit\",\"potentialAction\":[{\"@type\":\"SearchAction\",\"target\":{\"@type\":\"EntryPoint\",\"urlTemplate\":\"https:\\\/\\\/www.lunamare.ch\\\/?s={search_term_string}\"},\"query-input\":{\"@type\":\"PropertyValueSpecification\",\"valueRequired\":true,\"valueName\":\"search_term_string\"}}],\"inLanguage\":\"en-US\"}]}<\/script>\n<!-- \/ Yoast SEO plugin. -->","yoast_head_json":{"title":"Robina Bootsschule - 5-Tages Motorboot Intensivkurs","description":"Lernen Sie das Segeln in unserem Intensivkurs Wochenende vom Montag 5. Oktober 2026 bis Freitag 9. Oktober 2026 ab Hafen Seerose Z\u00fcrich Wollishofen.","robots":{"index":"index","follow":"follow","max-snippet":"max-snippet:-1","max-image-preview":"max-image-preview:large","max-video-preview":"max-video-preview:-1"},"canonical":"https:\/\/lunamare.ch\/en\/angebote\/angebot-motorboot-fahrschule\/motorboot-intensivkurse\/robina-bootsschule-5-tages-motorboot-intensivkurs\/","og_locale":"en_US","og_type":"article","og_title":"Robina Bootsschule - 5-Tages Motorboot Intensivkurs","og_description":"Lernen Sie das Segeln in unserem Intensivkurs Wochenende vom Montag 5. Oktober 2026 bis Freitag 9. Oktober 2026 ab Hafen Seerose Z\u00fcrich Wollishofen.","og_url":"https:\/\/lunamare.ch\/en\/angebote\/angebot-motorboot-fahrschule\/motorboot-intensivkurse\/robina-bootsschule-5-tages-motorboot-intensivkurs\/","og_site_name":"Hochsee Skipper Ausbildung Theoriekurse &amp; Meilentoerns","article_modified_time":"2025-12-17T13:23:50+00:00","og_image":[{"width":1440,"height":1920,"url":"https:\/\/lunamare.ch\/wp-content\/uploads\/2025\/12\/bootsschule.jpg","type":"image\/jpeg"}],"twitter_card":"summary_large_image","twitter_misc":{"Est. reading time":"2 minutes"},"schema":{"@context":"https:\/\/schema.org","@graph":[{"@type":"WebPage","@id":"https:\/\/lunamare.ch\/angebote\/angebot-motorboot-fahrschule\/motorboot-intensivkurse\/robina-bootsschule-5-tages-motorboot-intensivkurs\/","url":"https:\/\/lunamare.ch\/angebote\/angebot-motorboot-fahrschule\/motorboot-intensivkurse\/robina-bootsschule-5-tages-motorboot-intensivkurs\/","name":"Robina Bootsschule - 5-Tages Motorboot Intensivkurs","isPartOf":{"@id":"https:\/\/www.lunamare.ch\/#website"},"primaryImageOfPage":{"@id":"https:\/\/lunamare.ch\/angebote\/angebot-motorboot-fahrschule\/motorboot-intensivkurse\/robina-bootsschule-5-tages-motorboot-intensivkurs\/#primaryimage"},"image":{"@id":"https:\/\/lunamare.ch\/angebote\/angebot-motorboot-fahrschule\/motorboot-intensivkurse\/robina-bootsschule-5-tages-motorboot-intensivkurs\/#primaryimage"},"thumbnailUrl":"https:\/\/lunamare.ch\/wp-content\/uploads\/2025\/12\/bootsschule.jpg","datePublished":"2025-12-17T13:01:17+00:00","dateModified":"2025-12-17T13:23:50+00:00","description":"Lernen Sie das Segeln in unserem Intensivkurs Wochenende vom Montag 5. Oktober 2026 bis Freitag 9. Oktober 2026 ab Hafen Seerose Z\u00fcrich Wollishofen.","breadcrumb":{"@id":"https:\/\/lunamare.ch\/angebote\/angebot-motorboot-fahrschule\/motorboot-intensivkurse\/robina-bootsschule-5-tages-motorboot-intensivkurs\/#breadcrumb"},"inLanguage":"en-US","potentialAction":[{"@type":"ReadAction","target":["https:\/\/lunamare.ch\/angebote\/angebot-motorboot-fahrschule\/motorboot-intensivkurse\/robina-bootsschule-5-tages-motorboot-intensivkurs\/"]}]},{"@type":"ImageObject","inLanguage":"en-US","@id":"https:\/\/lunamare.ch\/angebote\/angebot-motorboot-fahrschule\/motorboot-intensivkurse\/robina-bootsschule-5-tages-motorboot-intensivkurs\/#primaryimage","url":"https:\/\/lunamare.ch\/wp-content\/uploads\/2025\/12\/bootsschule.jpg","contentUrl":"https:\/\/lunamare.ch\/wp-content\/uploads\/2025\/12\/bootsschule.jpg","width":1440,"height":1920,"caption":"Intensivkurs Motorboot Fahrschule"},{"@type":"BreadcrumbList","@id":"https:\/\/lunamare.ch\/angebote\/angebot-motorboot-fahrschule\/motorboot-intensivkurse\/robina-bootsschule-5-tages-motorboot-intensivkurs\/#breadcrumb","itemListElement":[{"@type":"ListItem","position":1,"name":"Startseite","item":"https:\/\/lunamare.ch\/"},{"@type":"ListItem","position":2,"name":"Angebot","item":"https:\/\/lunamare.ch\/angebot\/"},{"@type":"ListItem","position":3,"name":"Robina Bootsschule &#8211; 5-Tages Motorboot Intensivkurs"}]},{"@type":"WebSite","@id":"https:\/\/www.lunamare.ch\/#website","url":"https:\/\/www.lunamare.ch\/","name":"Hochsee Skipper Ausbildung Theoriekurse &amp; Meilentoerns","description":"Hochseeausbildung fuer Theorie &amp; Praxis! Meilentoerns, Skippertoerns und Familientoerns weltweit","potentialAction":[{"@type":"SearchAction","target":{"@type":"EntryPoint","urlTemplate":"https:\/\/www.lunamare.ch\/?s={search_term_string}"},"query-input":{"@type":"PropertyValueSpecification","valueRequired":true,"valueName":"search_term_string"}}],"inLanguage":"en-US"}]}},"_links":{"self":[{"href":"https:\/\/lunamare.ch\/en\/wp-json\/wp\/v2\/product\/2080","targetHints":{"allow":["GET"]}}],"collection":[{"href":"https:\/\/lunamare.ch\/en\/wp-json\/wp\/v2\/product"}],"about":[{"href":"https:\/\/lunamare.ch\/en\/wp-json\/wp\/v2\/types\/product"}],"wp:featuredmedia":[{"embeddable":true,"href":"https:\/\/lunamare.ch\/en\/wp-json\/wp\/v2\/media\/2079"}],"wp:attachment":[{"href":"https:\/\/lunamare.ch\/en\/wp-json\/wp\/v2\/media?parent=2080"}],"wp:term":[{"taxonomy":"product_brand","embeddable":true,"href":"https:\/\/lunamare.ch\/en\/wp-json\/wp\/v2\/product_brand?post=2080"},{"taxonomy":"product_cat","embeddable":true,"href":"https:\/\/lunamare.ch\/en\/wp-json\/wp\/v2\/product_cat?post=2080"},{"taxonomy":"product_tag","embeddable":true,"href":"https:\/\/lunamare.ch\/en\/wp-json\/wp\/v2\/product_tag?post=2080"}],"curies":[{"name":"wp","href":"https:\/\/api.w.org\/{rel}","templated":true}]}}